{"id":1131,"date":"2021-07-04T12:15:49","date_gmt":"2021-07-04T10:15:49","guid":{"rendered":"http:\/\/progress-foundation.nexline.ch\/?page_id=1131"},"modified":"2021-07-04T12:30:19","modified_gmt":"2021-07-04T10:30:19","slug":"konrad-hummler","status":"publish","type":"page","link":"https:\/\/pf.annen.ch\/en\/personen\/konrad-hummler\/","title":{"rendered":"Konrad Hummler"},"content":{"rendered":"<p><em>Vizepr\u00e4sident Progress Foundation<\/em><\/p>\n<p><img loading=\"lazy\" decoding=\"async\" src=\"https:\/\/pf.annen.ch\/wp-content\/uploads\/2021\/07\/konrad_hummler_150x150.jpg\" alt=\"\" width=\"150\" height=\"150\" class=\"alignnone size-full wp-image-1132\" \/><\/p>\n<p><strong>Curriculum Vitae:<\/strong><br \/>\nKonrad Hummler (*1953) wuchs in einem f\u00fcr Politik und Kultur sehr offenen Elternhaus in St. Gallen (Schweiz) auf. Er studierte an der Universit\u00e4t Z\u00fcrich Jurisprudenz und auf Einladung des Monetaristen Karl Brunner in Rochester (N.Y.) \u00d6konomie.<\/p>\n<p>Ab 1989 war er bei Wegelin &#038; Co. Privatbankiers, St. Gallen, t\u00e4tig; seit zwanzig Jahren wurde ein beispielloser Aufbau des Verm\u00f6gensverwaltungsgesch\u00e4ftes bewerkstelligt; Wegelin verf\u00fcgte Ende 2011 \u00fcber 14 Niederlassungen in der ganzen Schweiz und bewirtschaftete mit \u00fcber 700 Mitarbeitenden Kundenverm\u00f6gen von etwa 24 Milliarden Franken. Nach dem Notverkauf von Wegelin 2012 erfolgte ein Neubeginn in Form der M1 AG, eines privaten Thinktanks f\u00fcr strategische Zeitfragen. Er bekleidet des weiteren diverse Mandate bei nationalen wie auch internationalen Unternehmungen.<\/p>\n<p>1999 gr\u00fcndete er mit eigenen Mitteln die J.S. Bach-Stiftung, St. Gallen, mit dem Ziel, das gesamte Vokalwerk des grossen Komponisten zur Auff\u00fchrung zu bringen und dies in Ton und Bild festzuhalten.<\/p>\n<p><strong>BEITR\u00c4GE F\u00dcR DIE PROGRESS FOUNDATION<\/strong><\/p>\n<p><strong>Herausgeberschaften:<\/strong><\/p>\n<p>Das Recht auf sich selbst.  (NZZ Verlag)<br \/>\nStadtstaat \u2013 Utopie oder realistisches Modell?  (NZZ Verlag)<br \/>\nVersuch, Irrtum, Deutung  (Orell F\u00fcssli Verlag AG Z\u00fcrich)<br \/>\nEurope, Switzerland and the Future of Freedom  (IBL Libri)<br \/>\nKleinstaat Schweiz \u2013 Auslauf- oder Erfolgsmodell?  (NZZ Libro)<br \/>\n<a href=\"https:\/\/pf.annen.ch\/publikationen\/buecher\/total-data-total-control\/\">Total Data &#8211; Total Control<\/a>  (NZZ Libro) <\/p>\n<p><strong>Buchbeitr\u00e4ge:<\/strong><\/p>\n<p>Die M\u00fchsal mit dem Liberalismus  (NZZ Verlag)<br \/>\nAngst vor Gefahren oder Gefahren durch Angst?  (NZZ Verlag)<br \/>\n<a href=\"https:\/\/pf.annen.ch\/publikationen\/buecher\/der-liberalismus-eine-zeitlose-idee\/\">Der Liberalismus \u2013 eine zeitlose Idee<\/a>  (Olzog Verlag GmbH)<br \/>\n<a href=\"https:\/\/pf.annen.ch\/publikationen\/buecher\/vom-kredit-zur-schuld\/\">Vom Kredit zur Schuld<\/a>  (NZZ Libro) <\/p>\n<p><strong>Referate:<\/strong><\/p>\n<p>Freedom and National Security after 9\/11<br \/>\nFreiheit und Staatssicherheit nach dem 11. September 2001  (24.04.2002)<br \/>\nDie Schweiz in der Welt &#8211; wie weiter? <\/p>\n","protected":false},"excerpt":{"rendered":"<p>Vizepr\u00e4sident Progress Foundation Curriculum Vitae: Konrad Hummler (*1953) wuchs in einem f\u00fcr Politik und Kultur sehr offenen Elternhaus in St. Gallen (Schweiz) auf. Er studierte an der Universit\u00e4t Z\u00fcrich Jurisprudenz und auf Einladung des Monetaristen Karl Brunner in Rochester (N.Y.) \u00d6konomie. Ab 1989 war er bei Wegelin &#038; Co. Privatbankiers, St. Gallen, t\u00e4tig; seit zwanzig&hellip;&nbsp;<a href=\"https:\/\/pf.annen.ch\/en\/personen\/konrad-hummler\/\" class=\"\" rel=\"bookmark\">Read More &raquo;<span class=\"screen-reader-text\">Konrad Hummler<\/span><\/a><\/p>\n","protected":false},"author":1,"featured_media":0,"parent":991,"menu_order":0,"comment_status":"closed","ping_status":"closed","template":"","meta":{"neve_meta_sidebar":"full-width","neve_meta_container":"","neve_meta_enable_content_width":"on","neve_meta_content_width":100,"neve_meta_title_alignment":"","neve_meta_author_avatar":"","neve_post_elements_order":"","neve_meta_disable_header":"","neve_meta_disable_footer":"","neve_meta_disable_title":"","footnotes":"","_links_to":"","_links_to_target":""},"_links":{"self":[{"href":"https:\/\/pf.annen.ch\/en\/wp-json\/wp\/v2\/pages\/1131"}],"collection":[{"href":"https:\/\/pf.annen.ch\/en\/wp-json\/wp\/v2\/pages"}],"about":[{"href":"https:\/\/pf.annen.ch\/en\/wp-json\/wp\/v2\/types\/page"}],"author":[{"embeddable":true,"href":"https:\/\/pf.annen.ch\/en\/wp-json\/wp\/v2\/users\/1"}],"replies":[{"embeddable":true,"href":"https:\/\/pf.annen.ch\/en\/wp-json\/wp\/v2\/comments?post=1131"}],"version-history":[{"count":4,"href":"https:\/\/pf.annen.ch\/en\/wp-json\/wp\/v2\/pages\/1131\/revisions"}],"predecessor-version":[{"id":1141,"href":"https:\/\/pf.annen.ch\/en\/wp-json\/wp\/v2\/pages\/1131\/revisions\/1141"}],"up":[{"embeddable":true,"href":"https:\/\/pf.annen.ch\/en\/wp-json\/wp\/v2\/pages\/991"}],"wp:attachment":[{"href":"https:\/\/pf.annen.ch\/en\/wp-json\/wp\/v2\/media?parent=1131"}],"curies":[{"name":"wp","href":"https:\/\/api.w.org\/{rel}","templated":true}]}}