{"id":156,"date":"2021-05-20T16:01:33","date_gmt":"2021-05-20T14:01:33","guid":{"rendered":"http:\/\/progress-foundation.nexline.ch\/?page_id=156"},"modified":"2021-07-12T20:46:26","modified_gmt":"2021-07-12T18:46:26","slug":"reden-und-reden-lassen","status":"publish","type":"page","link":"https:\/\/pf.annen.ch\/en\/publikationen\/buecher\/reden-und-reden-lassen\/","title":{"rendered":"Reden und reden lassen"},"content":{"rendered":"<h2>Anstand und Respekt statt politische Korrektheit<\/h2>\n<p><img loading=\"lazy\" decoding=\"async\" style=\"border:1px solid black;\" src=\"https:\/\/pf.annen.ch\/wp-content\/uploads\/2021\/07\/buch-reden_und_reden_lassen.jpg\" alt=\"\" width=\"445\" height=\"646\" class=\"alignnone size-full wp-image-1045\" srcset=\"https:\/\/pf.annen.ch\/wp-content\/uploads\/2021\/07\/buch-reden_und_reden_lassen.jpg 445w, https:\/\/pf.annen.ch\/wp-content\/uploads\/2021\/07\/buch-reden_und_reden_lassen-207x300.jpg 207w\" sizes=\"(max-width: 445px) 100vw, 445px\" \/><\/p>\n<p>Die &#8220;offene Gesellschaft&#8221; wird derzeit aus zwei Richtungen angegriffen: Die modernen Kommunikationsm\u00f6glichkeiten f\u00f6rdern beleidigende oder hasserf\u00fcllte Kommentare, die keinen Beitrag zu einer argumentativen Auseinandersetzung unterschiedlicher Positionen leisten. Auf der anderen Seite versuchen gesellschaftliche Gruppierungen, anderen ihre Moralvorstellungen aufzuzwingen. Sie wollen bestimmte Sprachregelungen durchsetzen sowie Themen- und Handlungsfelder als &#8220;politisch korrekt&#8221; festlegen oder als &#8220;politisch unkorrekt&#8221; ausschliessen.<\/p>\n<p>Der vorliegende Band entwickelt eine Gegenstrategie, angeregt durch \u00dcberlegungen von John Stuart Mill, Romano Guardini und Axel Honneth. Die Autoren pl\u00e4dieren f\u00fcr eine innere Haltung der H\u00f6flichkeit und des Respekts gegen\u00fcber anderen Personen und deren Ansichten.<\/p>\n<p><strong>Herausgeber:<\/strong><br \/>\n<a href=\"https:\/\/pf.annen.ch\/personen\/gerhard-schwarz\/\">Gerhard Schwarz<\/a><br \/>\n<a href=\"https:\/\/pf.annen.ch\/personen\/stephan-wirz\/\">Stephan Wirz<\/a><\/p>\n<p><strong>Weitere Autoren:<\/strong> <\/p>\n<div class=\"wc-shortcodes-row wc-shortcodes-item wc-shortcodes-clearfix\">\n<div class=\"wc-shortcodes-column wc-shortcodes-content wc-shortcodes-one-half wc-shortcodes-column-first \">\n<a href=\"https:\/\/pf.annen.ch\/personen\/susanne-gaschke\/\">Susanne Gaschke<\/a><br \/>\n<a href=\"https:\/\/pf.annen.ch\/personen\/alexander-grau\/\">Alexander Grau<\/a><br \/>\n<a href=\"https:\/\/pf.annen.ch\/personen\/peter-hettich\/\">Peter Hettich<\/a><br \/>\n<a href=\"https:\/\/pf.annen.ch\/personen\/philipp-w-hildmann\/\">Philipp W. Hildmann<\/a><br \/>\n<a href=\"https:\/\/pf.annen.ch\/personen\/jochen-hoerisch\/\">Jochen H\u00f6risch<\/a><br \/>\n<a href=\"https:\/\/pf.annen.ch\/personen\/milosz-matuschek\/\">Milosz Matuschek<\/a>\n<\/div>\n<div class=\"wc-shortcodes-column wc-shortcodes-content wc-shortcodes-one-half wc-shortcodes-column-last \">\n<a href=\"https:\/\/pf.annen.ch\/personen\/alejandro-navas\/\">Alejandro Navas<\/a><br \/>\n<a href=\"https:\/\/pf.annen.ch\/personen\/peter-ruch\/\">Peter Ruch<\/a><br \/>\n<a href=\"https:\/\/pf.annen.ch\/personen\/grace-schild-trappe\/\">Grace Schild Trappe<\/a><br \/>\n<a href=\"https:\/\/pf.annen.ch\/personen\/markus-somm\/\">Markus Somm<\/a><br \/>\n<a href=\"https:\/\/pf.annen.ch\/personen\/claudia-wirz\/\">Claudia Wirz<\/a><br \/>\n<a href=\"https:\/\/pf.annen.ch\/personen\/heinz-zimmermann\/\">Heinz Zimmermann<\/a>\n<\/div>\n<\/div>\n<p><strong>Verlag:<\/strong> NZZ Libro<br \/>\n<strong>Erscheinungsjahr:<\/strong> 2020<br \/>\n<strong>Preis:<\/strong> CHF 34.00<\/p>\n<p><i class=\"fa fa-shopping-cart\" aria-hidden=\"true\"><\/i> <a href=\"https:\/\/www.nzz-libro.ch\/reden-und-reden-lassen-respekt-hoeflichkeit-statt-politische-korrektheit-gerhard-schwarz-stephan-wirz\">Buch beim NZZ-Verlag online bestellen<\/a><\/p>\n<p><strong>IN DEN MEDIEN<\/strong><\/p>\n<p><i class=\"fa fa-file-pdf-o\" aria-hidden=\"true\"><\/i> <a href=\"https:\/\/pf.annen.ch\/wp-content\/uploads\/2021\/07\/Furche_0429_Buch-Tipp.pdf\">Wider Hasssprache und Sprechverbote<\/a><br \/>\n<em>Die Furche, 29.04.2021<\/em><\/p>\n<p><i class=\"fa fa-file-pdf-o\" aria-hidden=\"true\"><\/i> <a href=\"https:\/\/pf.annen.ch\/wp-content\/uploads\/2021\/07\/Schwarz_Wirz_Reden-und-reden-lassen_NZZ-am-Sonntag-Magazin_20210110.pdf\">Weiss wie ein Schwan<\/a><br \/>\n<em>NZZ, 10.01.2021<\/em><\/p>\n<p><i class=\"fa fa-external-link\" aria-hidden=\"true\"><\/i> <a href=\"https:\/\/www.letemps.ch\/suisse\/politiquement-correct-progres-selon-gerhard-schwarz\">Le politiquement correct mine le progr\u00e8s, selon Gerhard Schwarz<\/a><br \/>\n<em>Emmanuel Garessus, Le Temps, 02.12.2020<\/em><\/p>\n<p><a href=\"https:\/\/pf.annen.ch\/2020\/10\/01\/reden-und-reden-lassen\/\">Reden und reden lassen<\/a> &#8211; Buchempfehlung LIONS<br \/>\n<em>Gerhard Schwarz, Stephan Wirz, Lion Magazin, Oktober 2020<\/em><\/p>\n<p><i class=\"fa fa-file-pdf-o\" aria-hidden=\"true\"><\/i> <a href=\"https:\/\/pf.annen.ch\/wp-content\/uploads\/2021\/07\/Gastkommentar-NZZ_Reden-und-rerden-lassen_Schwarz-Wirz.pdf\">F\u00fcr eine R\u00fcckkehr zur Debattenkultur<\/a><br \/>\nNZZ, Gastkommentar von Gerhard Schwarz und Stephan Wirz, 25.09.2020<\/p>\n<p><i class=\"fa fa-file-pdf-o\" aria-hidden=\"true\"><\/i> <a href=\"https:\/\/pf.annen.ch\/wp-content\/uploads\/2021\/07\/Schwarz-Wirz_Reden-und-reden-lassen_Finanz-und-Wirtschaft_20200919.pdf\">Gerhard Schwarz, Stephan Wirz (Hrsg.): &#8220;Reden und reden lassen. Anstand und Respekt statt politische Korrektheit.&#8221;<\/a><br \/>\n<em>Finanz und Wirtschaft, 19.09.2020<\/em><\/p>\n<p><strong>AUFGEGRIFFEN<\/strong><\/p>\n<p><a href=\"https:\/\/pf.annen.ch\/2020\/09\/01\/reden-und-reden-lassen-2\/\">&#8220;Reden und reden lassen\u201c<\/a> (September 2020)<br \/>\n<a href=\"https:\/\/pf.annen.ch\/2020\/11\/01\/anstand-und-respekt-statt-politische-korrektheit\/\">Anstand und Respekt statt politische Korrektheit<\/a> (November 2020)<br \/>\n<a href=\"https:\/\/pf.annen.ch\/2020\/12\/01\/die-political-correctness-verhindert-den-fortschritt\/\">Die political correctness verhindert den Fortschritt<\/a> (Dezember 2020) <\/p>\n","protected":false},"excerpt":{"rendered":"<p>Anstand und Respekt statt politische Korrektheit Die &#8220;offene Gesellschaft&#8221; wird derzeit aus zwei Richtungen angegriffen: Die modernen Kommunikationsm\u00f6glichkeiten f\u00f6rdern beleidigende oder hasserf\u00fcllte Kommentare, die keinen Beitrag zu einer argumentativen Auseinandersetzung unterschiedlicher Positionen leisten. Auf der anderen Seite versuchen gesellschaftliche Gruppierungen, anderen ihre Moralvorstellungen aufzuzwingen. Sie wollen bestimmte Sprachregelungen durchsetzen sowie Themen- und Handlungsfelder als &#8220;politisch&hellip;&nbsp;<a href=\"https:\/\/pf.annen.ch\/en\/publikationen\/buecher\/reden-und-reden-lassen\/\" class=\"\" rel=\"bookmark\">Read More &raquo;<span class=\"screen-reader-text\">Reden und reden lassen<\/span><\/a><\/p>\n","protected":false},"author":1,"featured_media":0,"parent":24,"menu_order":0,"comment_status":"closed","ping_status":"closed","template":"","meta":{"neve_meta_sidebar":"","neve_meta_container":"","neve_meta_enable_content_width":"off","neve_meta_content_width":100,"neve_meta_title_alignment":"","neve_meta_author_avatar":"","neve_post_elements_order":"","neve_meta_disable_header":"","neve_meta_disable_footer":"","neve_meta_disable_title":"","footnotes":"","_links_to":"","_links_to_target":""},"_links":{"self":[{"href":"https:\/\/pf.annen.ch\/en\/wp-json\/wp\/v2\/pages\/156"}],"collection":[{"href":"https:\/\/pf.annen.ch\/en\/wp-json\/wp\/v2\/pages"}],"about":[{"href":"https:\/\/pf.annen.ch\/en\/wp-json\/wp\/v2\/types\/page"}],"author":[{"embeddable":true,"href":"https:\/\/pf.annen.ch\/en\/wp-json\/wp\/v2\/users\/1"}],"replies":[{"embeddable":true,"href":"https:\/\/pf.annen.ch\/en\/wp-json\/wp\/v2\/comments?post=156"}],"version-history":[{"count":5,"href":"https:\/\/pf.annen.ch\/en\/wp-json\/wp\/v2\/pages\/156\/revisions"}],"predecessor-version":[{"id":3640,"href":"https:\/\/pf.annen.ch\/en\/wp-json\/wp\/v2\/pages\/156\/revisions\/3640"}],"up":[{"embeddable":true,"href":"https:\/\/pf.annen.ch\/en\/wp-json\/wp\/v2\/pages\/24"}],"wp:attachment":[{"href":"https:\/\/pf.annen.ch\/en\/wp-json\/wp\/v2\/media?parent=156"}],"curies":[{"name":"wp","href":"https:\/\/api.w.org\/{rel}","templated":true}]}}