{"id":1616,"date":"2021-07-06T15:33:27","date_gmt":"2021-07-06T13:33:27","guid":{"rendered":"http:\/\/progress-foundation.nexline.ch\/?page_id=1616"},"modified":"2021-07-11T19:41:38","modified_gmt":"2021-07-11T17:41:38","slug":"der-westen-was-sonst","status":"publish","type":"page","link":"https:\/\/pf.annen.ch\/en\/publikationen\/buecher\/der-westen-was-sonst\/","title":{"rendered":"Der Westen \u2013 was sonst?"},"content":{"rendered":"<h2>Amerika und Europa brauchen sich noch (2005)<\/h2>\n<p><img loading=\"lazy\" decoding=\"async\" style=\"border:1px solid black\" src=\"https:\/\/pf.annen.ch\/wp-content\/uploads\/2021\/06\/der_westen_was_sonst.jpg\" alt=\"\" width=\"208\" height=\"300\" class=\"alignnone size-full wp-image-473\" \/><br \/>\nSeit dem Terroranschlag am 11. September 2001 und der Antwort darauf sind wir Zeugen einer Verschlechterung der amerikanisch-europ\u00e4ischen Beziehungen. Neu ist das nicht, doch die Sch\u00e4rfe und das Misstrauen in der \u00d6ffentlichkeit auf beiden Seiten des Atlantiks deuten an, dass die Partnerschaft k\u00fcnftig auf einer neuen Grundlage operieren k\u00f6nnte. Im Zentrum steht der Wechsel von einer Allianz der Notwendigkeit zu einer Partnerschaft der Wahl. Namhafte Autoren und Praktiker wie George Shultz, R. James Woolsey und Harold James, Janusz Reiter und Walter Russell Mead, Craig Kennedy und James Sheehan machen sich in diesem Sammelband Gedanken \u00fcber die Neuorientierung in der Weltpolitik. Der internationale Terrorismus und die amerikanische Macht stehen im Zentrum, aber auch der zunehmende Antiamerikanismus und die Unterschiede zwischen West und Ost im sich vereinigenden Europa werden untersucht.<\/p>\n<p><strong>Herausgeber:<\/strong><br \/>\n<a href=\"https:\/\/pf.annen.ch\/personen\/hansrudolf-kramer\/\">Hansrudolf Kramer<\/a><br \/>\n<a href=\"https:\/\/pf.annen.ch\/personen\/michael-zoeller\/\">Michael Z\u00f6ller<\/a><\/p>\n<p><strong>Weitere Autoren:<\/strong> <\/p>\n<div class=\"wc-shortcodes-row wc-shortcodes-item wc-shortcodes-clearfix\">\n<div class=\"wc-shortcodes-column wc-shortcodes-content wc-shortcodes-one-half wc-shortcodes-column-first \">\n<a href=\"https:\/\/pf.annen.ch\/personen\/harold-james\/\">Harold James<\/a><br \/>\n<a href=\"https:\/\/pf.annen.ch\/personen\/craig-kennedy\/\">Craig Kennedy<\/a><br \/>\n<a href=\"https:\/\/pf.annen.ch\/personen\/ivan-krastev\/\">Ivan Krastev<\/a><br \/>\n<a href=\"https:\/\/pf.annen.ch\/personen\/walter-russel-mead\/\">Walter Russel Mead<\/a><br \/>\n<a href=\"https:\/\/pf.annen.ch\/personen\/janusz-reiter\/\">Janusz Reiter<\/a><br \/>\n<a href=\"https:\/\/pf.annen.ch\/personen\/jeremiah-schatt\/\">Jeremiah Schatt<\/a>\n<\/div>\n<div class=\"wc-shortcodes-column wc-shortcodes-content wc-shortcodes-one-half wc-shortcodes-column-last \">\n<a href=\"https:\/\/pf.annen.ch\/personen\/james-sheehan\/\">James Sheehan<\/a><br \/>\n<a href=\"https:\/\/pf.annen.ch\/personen\/george-p-shultz\/\">George P. Shultz<\/a><br \/>\n<a href=\"https:\/\/pf.annen.ch\/personen\/radek-sikorskiy\/\">Radek Sikorskiy<\/a><br \/>\n<a href=\"https:\/\/pf.annen.ch\/personen\/robert-von-rimscha\/\">Robert von Rimscha<\/a><br \/>\n<a href=\"https:\/\/pf.annen.ch\/personen\/michael-werz\/\">Michael Werz<\/a><br \/>\n<a href=\"https:\/\/pf.annen.ch\/personen\/r-james-woolsey\/\">R. James Woolsey<\/a>\n<\/div>\n<\/div>\n<p><strong>Verlag:<\/strong> NZZ Verlag<br \/>\n<strong>Erscheinungsjahr:<\/strong> 2005<br \/>\n<strong>Preis:<\/strong> CHF 48.00<br \/>\n<strong>ISBN:<\/strong> 3-03823-177-0<\/p>\n<p>> Buch beim NZZ-Verlag online bestellen<\/p>\n<p><strong>IN DEN MEDIEN<\/strong><\/p>\n<p><a href=\"https:\/\/pf.annen.ch\/2006\/03\/18\/was-traegt-die-allianz\/\">Was tr\u00e4gt die Allianz?<\/a><br \/>\n<em>Anette Bingemer, Neue Z\u00fcrcher Zeitung, 18.03.2006<\/em><\/p>\n<p><strong>AUFGEGRIFFEN<\/strong><\/p>\n<p><a href=\"https:\/\/pf.annen.ch\/2017\/10\/01\/das-antiamerikanische-jahrhundert\/\">Das antiamerikanische Jahrhundert?<\/a> (Oktober 2017) <\/p>\n","protected":false},"excerpt":{"rendered":"<p>Amerika und Europa brauchen sich noch (2005) Seit dem Terroranschlag am 11. September 2001 und der Antwort darauf sind wir Zeugen einer Verschlechterung der amerikanisch-europ\u00e4ischen Beziehungen. Neu ist das nicht, doch die Sch\u00e4rfe und das Misstrauen in der \u00d6ffentlichkeit auf beiden Seiten des Atlantiks deuten an, dass die Partnerschaft k\u00fcnftig auf einer neuen Grundlage operieren&hellip;&nbsp;<a href=\"https:\/\/pf.annen.ch\/en\/publikationen\/buecher\/der-westen-was-sonst\/\" class=\"\" rel=\"bookmark\">Read More &raquo;<span class=\"screen-reader-text\">Der Westen \u2013 was sonst?<\/span><\/a><\/p>\n","protected":false},"author":1,"featured_media":0,"parent":24,"menu_order":0,"comment_status":"closed","ping_status":"closed","template":"","meta":{"neve_meta_sidebar":"full-width","neve_meta_container":"","neve_meta_enable_content_width":"on","neve_meta_content_width":100,"neve_meta_title_alignment":"","neve_meta_author_avatar":"","neve_post_elements_order":"","neve_meta_disable_header":"","neve_meta_disable_footer":"","neve_meta_disable_title":"","footnotes":"","_links_to":"","_links_to_target":""},"_links":{"self":[{"href":"https:\/\/pf.annen.ch\/en\/wp-json\/wp\/v2\/pages\/1616"}],"collection":[{"href":"https:\/\/pf.annen.ch\/en\/wp-json\/wp\/v2\/pages"}],"about":[{"href":"https:\/\/pf.annen.ch\/en\/wp-json\/wp\/v2\/types\/page"}],"author":[{"embeddable":true,"href":"https:\/\/pf.annen.ch\/en\/wp-json\/wp\/v2\/users\/1"}],"replies":[{"embeddable":true,"href":"https:\/\/pf.annen.ch\/en\/wp-json\/wp\/v2\/comments?post=1616"}],"version-history":[{"count":5,"href":"https:\/\/pf.annen.ch\/en\/wp-json\/wp\/v2\/pages\/1616\/revisions"}],"predecessor-version":[{"id":3403,"href":"https:\/\/pf.annen.ch\/en\/wp-json\/wp\/v2\/pages\/1616\/revisions\/3403"}],"up":[{"embeddable":true,"href":"https:\/\/pf.annen.ch\/en\/wp-json\/wp\/v2\/pages\/24"}],"wp:attachment":[{"href":"https:\/\/pf.annen.ch\/en\/wp-json\/wp\/v2\/media?parent=1616"}],"curies":[{"name":"wp","href":"https:\/\/api.w.org\/{rel}","templated":true}]}}