{"id":1643,"date":"2021-07-06T18:05:18","date_gmt":"2021-07-06T16:05:18","guid":{"rendered":"http:\/\/progress-foundation.nexline.ch\/?page_id=1643"},"modified":"2021-07-11T18:00:02","modified_gmt":"2021-07-11T16:00:02","slug":"vertrauen-anker-einer-freiheitlichen-ordnung","status":"publish","type":"page","link":"https:\/\/pf.annen.ch\/en\/publikationen\/buecher\/vertrauen-anker-einer-freiheitlichen-ordnung\/","title":{"rendered":"Vertrauen \u2013 Anker einer freiheitlichen Ordnung"},"content":{"rendered":"<h2>(2007)<\/h2>\n<p><img loading=\"lazy\" decoding=\"async\" style=\"border:1px solid black\" src=\"https:\/\/pf.annen.ch\/wp-content\/uploads\/2021\/06\/vertrauen_anker_einer_freiheitlichen_ordnung.jpg\" alt=\"\" width=\"206\" height=\"300\" class=\"alignnone size-full wp-image-469\" \/><\/p>\n<p>Skandale in der Wirtschaft und nicht gehaltene Versprechungen in der Politik haben zu einem massiven Vertrauensverlust in die liberale Ordnung in vielen westlichen Gesellschaften gef\u00fchrt. Vertrauen ist dadurch ein Schl\u00fcsselbegriff in der \u00f6ffentlichen Diskussion geworden. Autoren mit unterschiedlichem beruflichem Hintergrund beleuchten in diesem Band Fragen um Vertrauen, Misstrauen, Zutrauen und Selbstvertrauen im gesellschaftlichen und wirtschaftlichen Kontext. Sie beleuchten vor allem \u00f6konomische und wirtschafts-philosophische Aspekte. Sie gehen aber auch fundamentalen, ja existenziellen Aspekten des Vertrauens nach, etwa in den Zusammenh\u00e4ngen von Theologie, Psychologie, Medizin und Spitzensport.<\/p>\n<p>Mit Beitr\u00e4gen von: Max D. Amstutz, Peter Athanas, Andreas R. Batlogg, Peter Hafter, Eugen Haltiner, Hans Haumer, Thomas J. Jordan, Erich Kirchler, Guy Kirsch, Ignaz Miller, Oswald Oelz, Tanja Rippberger, Urs Schoettli, Gerhard Schwarz, Johann Steurer, Theresia Theurl.<\/p>\n<p><strong>Herausgeber:<\/strong><br \/>\n<a href=\"https:\/\/pf.annen.ch\/personen\/gerhard-schwarz\/\">Gerhard Schwarz<\/a><\/p>\n<p><strong>Weitere Autoren:<\/strong> <\/p>\n<div class=\"wc-shortcodes-row wc-shortcodes-item wc-shortcodes-clearfix\">\n<div class=\"wc-shortcodes-column wc-shortcodes-content wc-shortcodes-one-half wc-shortcodes-column-first \">\n<a href=\"https:\/\/pf.annen.ch\/personen\/max-d-amstutz\/\">Max. D. Amstutz<\/a><br \/>\n<a href=\"https:\/\/pf.annen.ch\/personen\/peter-athanas\/\">Peter Athanas<\/a><br \/>\n<a href=\"https:\/\/pf.annen.ch\/personen\/andreas-b-batlogg\/\">Andreas B. Batlogg<\/a><br \/>\n<a href=\"https:\/\/pf.annen.ch\/personen\/peter-hafter\/\">Peter Hafter<\/a><br \/>\n<a href=\"https:\/\/pf.annen.ch\/personen\/eugen-haltiner\/\">Eugen Haltiner<\/a><br \/>\n<a href=\"https:\/\/pf.annen.ch\/personen\/hans-haumer\/\">Hans Haumer<\/a><br \/>\n<a href=\"https:\/\/pf.annen.ch\/personen\/thomas-j-jordan\/\">Thomas J. Jordan<\/a><br \/>\n<a href=\"https:\/\/pf.annen.ch\/personen\/erich-kirchler\/\">Erich Kirchler<\/a>\n<\/div>\n<div class=\"wc-shortcodes-column wc-shortcodes-content wc-shortcodes-one-half wc-shortcodes-column-last \">\n<a href=\"https:\/\/pf.annen.ch\/personen\/guy-kirsch\/\">Guy Kirsch<\/a><br \/>\n<a href=\"https:\/\/pf.annen.ch\/personen\/ignaz-miller\/\">Ignaz Miller<\/a><br \/>\n<a href=\"https:\/\/pf.annen.ch\/personen\/oswald-oelz\/\">Oswald Oelz<\/a><br \/>\n<a href=\"https:\/\/pf.annen.ch\/personen\/tanja-rippberger\/\">Tanja Rippberger<\/a><br \/>\n<a href=\"https:\/\/pf.annen.ch\/personen\/urs-schoettli\/\">Urs Schoettli<\/a><br \/>\n<a href=\"https:\/\/pf.annen.ch\/personen\/johann-steurer\/\">Johann Steurer<\/a><br \/>\n<a href=\"https:\/\/pf.annen.ch\/personen\/theresia-theurl\/\">Theresia Theurl<\/a>\n<\/div>\n<\/div>\n<p><strong>Verlag:<\/strong> NZZ Verlag<br \/>\n<strong>Erscheinungsjahr:<\/strong> 2007<br \/>\n<strong>Preis:<\/strong> CHF 48.00<br \/>\n<strong>ISBN:<\/strong> 978-3-03823-330-5<\/p>\n<p>> Buch beim NZZ-Verlag online bestellen<\/p>\n<p><strong>IN DEN MEDIEN<\/strong><\/p>\n<p><a href=\"https:\/\/pf.annen.ch\/2007\/07\/27\/kontrolle-ist-gut-vertrauen-ist-besser\/\">Kontrolle ist gut, Vertrauen ist besser<\/a> (PDF)<br \/>\n<em>Anne Saxe, Neue Z\u00fcrcher Zeitung, 27.07.2007<\/em><\/p>\n<p>Menaces sur la croissance et la finance (PDF)<br \/>\nEmmanuel Garessus, Le Temps, 02.05.2007<\/p>\n<p>Buchbesprechung: Vertrauen &#8211; Anker einer freiheitlich Ordnung (PDF)<br \/>\nNewsletter Hayek-Institut, April 2007<\/p>\n<p>Buchbesprechung: Vertrauen &#8211; Anker einer freiheitlich Ordnung (PDF)<br \/>\nHans Haumer, Wirtschaftspolitische Bl\u00e4tter, April 2007<\/p>\n<p><strong>AUFGEGRIFFEN<\/strong><\/p>\n<p><a href=\"https:\/\/pf.annen.ch\/2018\/09\/01\/presse-und-vertrauen\/\">Presse und Vertrauen<\/a> (September 2018)<br \/>\n<a href=\"https:\/\/pf.annen.ch\/2019\/03\/01\/die-perspektive-der-oekonomischen-psychologie\/\">Die Perspektive der \u00d6konomischen Psychologie<\/a> (M\u00e4rz 2019)<br \/>\n<a href=\"https:\/\/pf.annen.ch\/2020\/03\/01\/vertrauen-in-der-medizin\/\">Vertrauen in der Medizin<\/a> (M\u00e4rz 2020)<br \/>\n<a href=\"https:\/\/pf.annen.ch\/2020\/05\/01\/geld-geldpolitik-und-vertrauen\/\">Geld, Geldpolitik und Vertrauen<\/a> (Mai 2020)<br \/>\n<a href=\"https:\/\/pf.annen.ch\/2021\/04\/01\/inseln-des-vertrauens-im-meer-des-misstrauens\/\">Inseln des Vertrauens im Meer des Misstrauens<\/a> (April 2021) <\/p>\n","protected":false},"excerpt":{"rendered":"<p>(2007) Skandale in der Wirtschaft und nicht gehaltene Versprechungen in der Politik haben zu einem massiven Vertrauensverlust in die liberale Ordnung in vielen westlichen Gesellschaften gef\u00fchrt. Vertrauen ist dadurch ein Schl\u00fcsselbegriff in der \u00f6ffentlichen Diskussion geworden. Autoren mit unterschiedlichem beruflichem Hintergrund beleuchten in diesem Band Fragen um Vertrauen, Misstrauen, Zutrauen und Selbstvertrauen im gesellschaftlichen und&hellip;&nbsp;<a href=\"https:\/\/pf.annen.ch\/en\/publikationen\/buecher\/vertrauen-anker-einer-freiheitlichen-ordnung\/\" class=\"\" rel=\"bookmark\">Read More &raquo;<span class=\"screen-reader-text\">Vertrauen \u2013 Anker einer freiheitlichen Ordnung<\/span><\/a><\/p>\n","protected":false},"author":1,"featured_media":0,"parent":24,"menu_order":0,"comment_status":"closed","ping_status":"closed","template":"","meta":{"neve_meta_sidebar":"full-width","neve_meta_container":"","neve_meta_enable_content_width":"on","neve_meta_content_width":100,"neve_meta_title_alignment":"","neve_meta_author_avatar":"","neve_post_elements_order":"","neve_meta_disable_header":"","neve_meta_disable_footer":"","neve_meta_disable_title":"","footnotes":"","_links_to":"","_links_to_target":""},"_links":{"self":[{"href":"https:\/\/pf.annen.ch\/en\/wp-json\/wp\/v2\/pages\/1643"}],"collection":[{"href":"https:\/\/pf.annen.ch\/en\/wp-json\/wp\/v2\/pages"}],"about":[{"href":"https:\/\/pf.annen.ch\/en\/wp-json\/wp\/v2\/types\/page"}],"author":[{"embeddable":true,"href":"https:\/\/pf.annen.ch\/en\/wp-json\/wp\/v2\/users\/1"}],"replies":[{"embeddable":true,"href":"https:\/\/pf.annen.ch\/en\/wp-json\/wp\/v2\/comments?post=1643"}],"version-history":[{"count":5,"href":"https:\/\/pf.annen.ch\/en\/wp-json\/wp\/v2\/pages\/1643\/revisions"}],"predecessor-version":[{"id":3334,"href":"https:\/\/pf.annen.ch\/en\/wp-json\/wp\/v2\/pages\/1643\/revisions\/3334"}],"up":[{"embeddable":true,"href":"https:\/\/pf.annen.ch\/en\/wp-json\/wp\/v2\/pages\/24"}],"wp:attachment":[{"href":"https:\/\/pf.annen.ch\/en\/wp-json\/wp\/v2\/media?parent=1643"}],"curies":[{"name":"wp","href":"https:\/\/api.w.org\/{rel}","templated":true}]}}