{"id":1713,"date":"2021-07-06T22:46:50","date_gmt":"2021-07-06T20:46:50","guid":{"rendered":"http:\/\/progress-foundation.nexline.ch\/?page_id=1713"},"modified":"2021-07-12T19:32:45","modified_gmt":"2021-07-12T17:32:45","slug":"die-entstaatlichung-des-geldes","status":"publish","type":"page","link":"https:\/\/pf.annen.ch\/en\/publikationen\/buecher\/die-entstaatlichung-des-geldes\/","title":{"rendered":"Die Entstaatlichung des Geldes"},"content":{"rendered":"<h2>(2014)<\/h2>\n<p><img loading=\"lazy\" decoding=\"async\" style=\"border:1px solid black\" src=\"https:\/\/pf.annen.ch\/wp-content\/uploads\/2021\/06\/entstaatlichung_des_geldes.jpg\" alt=\"\" width=\"207\" height=\"300\" class=\"alignnone size-full wp-image-457\" \/><\/p>\n<p>Die Entstaatlichung durch eine konstitutionelle Bindung der Notenbank und die Verankerung einer Pr\u00e4ferenz der Geldstabilit\u00e4t wird durch mehrere Beitr\u00e4ge verdeutlicht. Die Notwendigkeit einer weitergehenden Entstaatlichung durch mehr Wettbewerb wird auch vor dem Hintergrund der Eurokrise behandelt. Zentralbanken werden infrage gestellt, die Folgen der Institution eines reinen Zwangsgeldes werden aufgezeigt und der W\u00e4hrungswettbewerb wird als L\u00f6sung verteidigt. <\/p>\n<p>Mit Beitr\u00e4gen von: Philipp Bagus, Ernst Baltensperger, James M. Buchanan, Milton Friedman, Friedrich A. von Hayek, J\u00f6rg Guido H\u00fclsmann, Ekkehard A. K\u00f6hler, Gerald P. O&#8217;Driscoll Jr., Anna J. Schwartz, Gerhard Schwarz, Erich Weede<\/p>\n<p><strong>Herausgeber:<\/strong><br \/>\n<a href=\"https:\/\/pf.annen.ch\/personen\/philipp-bagus\/\">Philipp Bagus<\/a><br \/>\n<a href=\"https:\/\/pf.annen.ch\/personen\/gerhard-schwarz\/\">Gerhard Schwarz<\/a><\/p>\n<p><strong>Weitere Autoren:<\/strong> <\/p>\n<div class=\"wc-shortcodes-row wc-shortcodes-item wc-shortcodes-clearfix\">\n<div class=\"wc-shortcodes-column wc-shortcodes-content wc-shortcodes-one-half wc-shortcodes-column-first \">\n<a href=\"https:\/\/pf.annen.ch\/personen\/ernst-baltensperger\/\">Ernst Baltensperger<\/a><br \/>\n<a href=\"https:\/\/pf.annen.ch\/personen\/james-m-buchanan\/\">James M. Buchanan<\/a><br \/>\n<a href=\"https:\/\/pf.annen.ch\/personen\/milton-friedman\/\">Milton Friedman<\/a><br \/>\n<a href=\"https:\/\/pf.annen.ch\/personen\/guido-huelsmann\/\">Guido H\u00fclsmann<\/a><br \/>\n<a href=\"https:\/\/pf.annen.ch\/personen\/ekkehard-a-koehler\/\">Ekkehard A. K\u00f6hler<\/a>\n<\/div>\n<div class=\"wc-shortcodes-column wc-shortcodes-content wc-shortcodes-one-half wc-shortcodes-column-last \">\n<a href=\"https:\/\/pf.annen.ch\/personen\/gerald-odriscoll\/\">Gerald O&#8217;Driscoll<\/a><br \/>\n<a href=\"https:\/\/pf.annen.ch\/personen\/anna-j-schwartz\/\">Anna J. Schwartz<\/a><br \/>\n<a href=\"https:\/\/pf.annen.ch\/personen\/friedrich-a-von-hayek\/\">Friedrich A. von Hayek<\/a><br \/>\n<a href=\"https:\/\/pf.annen.ch\/personen\/erich-weede\/\">Erich Weede<\/a>\n<\/div>\n<\/div>\n<p><strong>Verlag:<\/strong> NZZ Verlag<br \/>\n<strong>Erscheinungsjahr:<\/strong> 2014<br \/>\n<strong>Preis:<\/strong> CHF 32.00<br \/>\n<strong>ISBN:<\/strong> 978-3-03823-886-7<\/p>\n<p><strong>IN DEN MEDIEN<\/strong><\/p>\n<p><i class=\"fa fa-file-pdf-o\" aria-hidden=\"true\"><\/i> <a href=\"https:\/\/pf.annen.ch\/wp-content\/uploads\/2021\/07\/bagus_gespenst_deflation.pdf\">Ein Gespenst geht um in Europa: die Deflation<\/a><br \/>\n<em>Philipp Bagus, Der Hauptstadtbrief, 01.07.2014<\/em><\/p>\n<p><i class=\"fa fa-file-pdf-o\" aria-hidden=\"true\"><\/i> <a href=\"https:\/\/pf.annen.ch\/wp-content\/uploads\/2021\/07\/garessus_banques_centrales_pouvoir.pdf\">Les banques centrales ont beaucoup trop de pouvoir<\/a><br \/>\n<em>Emmanuel Garessus, Le Temps, 11.06.2014<\/em><\/p>\n<p><a href=\"https:\/\/pf.annen.ch\/2014\/06\/04\/entstaatlichung-des-geldes\/\">Entstaatlichung des Geldes<\/a><br \/>\n<em>Georg Rich, Neue Z\u00fcrcher Zeitung, 04.06.2014<\/em><\/p>\n","protected":false},"excerpt":{"rendered":"<p>(2014) Die Entstaatlichung durch eine konstitutionelle Bindung der Notenbank und die Verankerung einer Pr\u00e4ferenz der Geldstabilit\u00e4t wird durch mehrere Beitr\u00e4ge verdeutlicht. Die Notwendigkeit einer weitergehenden Entstaatlichung durch mehr Wettbewerb wird auch vor dem Hintergrund der Eurokrise behandelt. Zentralbanken werden infrage gestellt, die Folgen der Institution eines reinen Zwangsgeldes werden aufgezeigt und der W\u00e4hrungswettbewerb wird als&hellip;&nbsp;<a href=\"https:\/\/pf.annen.ch\/en\/publikationen\/buecher\/die-entstaatlichung-des-geldes\/\" class=\"\" rel=\"bookmark\">Read More &raquo;<span class=\"screen-reader-text\">Die Entstaatlichung des Geldes<\/span><\/a><\/p>\n","protected":false},"author":1,"featured_media":0,"parent":24,"menu_order":0,"comment_status":"closed","ping_status":"closed","template":"","meta":{"neve_meta_sidebar":"full-width","neve_meta_container":"","neve_meta_enable_content_width":"on","neve_meta_content_width":100,"neve_meta_title_alignment":"","neve_meta_author_avatar":"","neve_post_elements_order":"","neve_meta_disable_header":"","neve_meta_disable_footer":"","neve_meta_disable_title":"","footnotes":"","_links_to":"","_links_to_target":""},"_links":{"self":[{"href":"https:\/\/pf.annen.ch\/en\/wp-json\/wp\/v2\/pages\/1713"}],"collection":[{"href":"https:\/\/pf.annen.ch\/en\/wp-json\/wp\/v2\/pages"}],"about":[{"href":"https:\/\/pf.annen.ch\/en\/wp-json\/wp\/v2\/types\/page"}],"author":[{"embeddable":true,"href":"https:\/\/pf.annen.ch\/en\/wp-json\/wp\/v2\/users\/1"}],"replies":[{"embeddable":true,"href":"https:\/\/pf.annen.ch\/en\/wp-json\/wp\/v2\/comments?post=1713"}],"version-history":[{"count":5,"href":"https:\/\/pf.annen.ch\/en\/wp-json\/wp\/v2\/pages\/1713\/revisions"}],"predecessor-version":[{"id":3606,"href":"https:\/\/pf.annen.ch\/en\/wp-json\/wp\/v2\/pages\/1713\/revisions\/3606"}],"up":[{"embeddable":true,"href":"https:\/\/pf.annen.ch\/en\/wp-json\/wp\/v2\/pages\/24"}],"wp:attachment":[{"href":"https:\/\/pf.annen.ch\/en\/wp-json\/wp\/v2\/media?parent=1713"}],"curies":[{"name":"wp","href":"https:\/\/api.w.org\/{rel}","templated":true}]}}