{"id":1901,"date":"2021-07-07T15:04:15","date_gmt":"2021-07-07T13:04:15","guid":{"rendered":"http:\/\/progress-foundation.nexline.ch\/?page_id=1901"},"modified":"2021-07-07T15:04:15","modified_gmt":"2021-07-07T13:04:15","slug":"andreas-b-batlogg","status":"publish","type":"page","link":"https:\/\/pf.annen.ch\/en\/personen\/andreas-b-batlogg\/","title":{"rendered":"Andreas B. Batlogg"},"content":{"rendered":"<p><strong>BEITR\u00c4GE F\u00dcR DIE PROGRESS FOUNDATION<\/strong><\/p>\n<p><strong>Buchbeitr\u00e4ge:<\/strong><\/p>\n<p><a href=\"https:\/\/pf.annen.ch\/publikationen\/buecher\/vertrauen-anker-einer-freiheitlichen-ordnung\/\">Vertrauen \u2013 Anker einer freiheitlichen Ordnung<\/a> (NZZ Verlag) <\/p>\n","protected":false},"excerpt":{"rendered":"<p>BEITR\u00c4GE F\u00dcR DIE PROGRESS FOUNDATION Buchbeitr\u00e4ge: Vertrauen \u2013 Anker einer freiheitlichen Ordnung (NZZ Verlag)<\/p>\n","protected":false},"author":1,"featured_media":0,"parent":991,"menu_order":0,"comment_status":"closed","ping_status":"closed","template":"","meta":{"neve_meta_sidebar":"full-width","neve_meta_container":"","neve_meta_enable_content_width":"on","neve_meta_content_width":100,"neve_meta_title_alignment":"","neve_meta_author_avatar":"","neve_post_elements_order":"","neve_meta_disable_header":"","neve_meta_disable_footer":"","neve_meta_disable_title":"","footnotes":"","_links_to":"","_links_to_target":""},"_links":{"self":[{"href":"https:\/\/pf.annen.ch\/en\/wp-json\/wp\/v2\/pages\/1901"}],"collection":[{"href":"https:\/\/pf.annen.ch\/en\/wp-json\/wp\/v2\/pages"}],"about":[{"href":"https:\/\/pf.annen.ch\/en\/wp-json\/wp\/v2\/types\/page"}],"author":[{"embeddable":true,"href":"https:\/\/pf.annen.ch\/en\/wp-json\/wp\/v2\/users\/1"}],"replies":[{"embeddable":true,"href":"https:\/\/pf.annen.ch\/en\/wp-json\/wp\/v2\/comments?post=1901"}],"version-history":[{"count":1,"href":"https:\/\/pf.annen.ch\/en\/wp-json\/wp\/v2\/pages\/1901\/revisions"}],"predecessor-version":[{"id":1902,"href":"https:\/\/pf.annen.ch\/en\/wp-json\/wp\/v2\/pages\/1901\/revisions\/1902"}],"up":[{"embeddable":true,"href":"https:\/\/pf.annen.ch\/en\/wp-json\/wp\/v2\/pages\/991"}],"wp:attachment":[{"href":"https:\/\/pf.annen.ch\/en\/wp-json\/wp\/v2\/media?parent=1901"}],"curies":[{"name":"wp","href":"https:\/\/api.w.org\/{rel}","templated":true}]}}