{"id":1909,"date":"2021-07-07T15:10:13","date_gmt":"2021-07-07T13:10:13","guid":{"rendered":"http:\/\/progress-foundation.nexline.ch\/?page_id=1909"},"modified":"2021-07-07T15:10:13","modified_gmt":"2021-07-07T13:10:13","slug":"joerg-baumberger","status":"publish","type":"page","link":"https:\/\/pf.annen.ch\/en\/personen\/joerg-baumberger\/","title":{"rendered":"J\u00f6rg Baumberger"},"content":{"rendered":"<p><em>Universit\u00e4t St. Gallen<\/em><\/p>\n<p><strong>BEITR\u00c4GE F\u00dcR DIE PROGRESS FOUNDATION<\/strong><\/p>\n<p><strong>Buchbeitr\u00e4ge:<\/strong><\/p>\n<p><a href=\"https:\/\/pf.annen.ch\/publikationen\/buecher\/religion-liberalitaet-und-rechtsstaat\/\">Religion, Liberalit\u00e4t und Rechtsstaat<\/a> (NZZ Verlag)<br \/>\n<a href=\"https:\/\/pf.annen.ch\/publikationen\/buecher\/europe-switzerland-and-the-future-of-freedom\/\">Europe, Switzerland and the Future of Freedom<\/a> (IBL Libri) <\/p>\n","protected":false},"excerpt":{"rendered":"<p>Universit\u00e4t St. Gallen BEITR\u00c4GE F\u00dcR DIE PROGRESS FOUNDATION Buchbeitr\u00e4ge: Religion, Liberalit\u00e4t und Rechtsstaat (NZZ Verlag) Europe, Switzerland and the Future of Freedom (IBL Libri)<\/p>\n","protected":false},"author":1,"featured_media":0,"parent":991,"menu_order":0,"comment_status":"closed","ping_status":"closed","template":"","meta":{"neve_meta_sidebar":"full-width","neve_meta_container":"","neve_meta_enable_content_width":"on","neve_meta_content_width":100,"neve_meta_title_alignment":"","neve_meta_author_avatar":"","neve_post_elements_order":"","neve_meta_disable_header":"","neve_meta_disable_footer":"","neve_meta_disable_title":"","footnotes":"","_links_to":"","_links_to_target":""},"_links":{"self":[{"href":"https:\/\/pf.annen.ch\/en\/wp-json\/wp\/v2\/pages\/1909"}],"collection":[{"href":"https:\/\/pf.annen.ch\/en\/wp-json\/wp\/v2\/pages"}],"about":[{"href":"https:\/\/pf.annen.ch\/en\/wp-json\/wp\/v2\/types\/page"}],"author":[{"embeddable":true,"href":"https:\/\/pf.annen.ch\/en\/wp-json\/wp\/v2\/users\/1"}],"replies":[{"embeddable":true,"href":"https:\/\/pf.annen.ch\/en\/wp-json\/wp\/v2\/comments?post=1909"}],"version-history":[{"count":1,"href":"https:\/\/pf.annen.ch\/en\/wp-json\/wp\/v2\/pages\/1909\/revisions"}],"predecessor-version":[{"id":1910,"href":"https:\/\/pf.annen.ch\/en\/wp-json\/wp\/v2\/pages\/1909\/revisions\/1910"}],"up":[{"embeddable":true,"href":"https:\/\/pf.annen.ch\/en\/wp-json\/wp\/v2\/pages\/991"}],"wp:attachment":[{"href":"https:\/\/pf.annen.ch\/en\/wp-json\/wp\/v2\/media?parent=1909"}],"curies":[{"name":"wp","href":"https:\/\/api.w.org\/{rel}","templated":true}]}}