{"id":2007,"date":"2021-07-07T20:16:07","date_gmt":"2021-07-07T18:16:07","guid":{"rendered":"http:\/\/progress-foundation.nexline.ch\/?page_id=2007"},"modified":"2021-07-07T20:20:17","modified_gmt":"2021-07-07T18:20:17","slug":"james-m-buchanan","status":"publish","type":"page","link":"https:\/\/pf.annen.ch\/en\/personen\/james-m-buchanan\/","title":{"rendered":"James M. Buchanan"},"content":{"rendered":"<p><em>George Mason University, Fairfax, VA, Nobelpreistr\u00e4ger der Wirtschaftswissenschaften<\/em><\/p>\n<p><strong>BEITR\u00c4GE F\u00dcR DIE PROGRESS FOUNDATION<\/strong><\/p>\n<p><strong>Buchbeitr\u00e4ge:<\/strong><\/p>\n<p><a href=\"https:\/\/pf.annen.ch\/publikationen\/buecher\/die-muehsal-mit-dem-liberalismus\/\">Die M\u00fchsal mit dem Liberalismus<\/a>  (NZZ Verlag)<br \/>\n<a href=\"https:\/\/pf.annen.ch\/publikationen\/buecher\/die-entstaatlichung-des-geldes\/\">Die Entstaatlichung des Geldes<\/a>  (NZZ Verlag)<br \/>\n<a href=\"https:\/\/pf.annen.ch\/publikationen\/buecher\/the-political-economy-of-secession\/\">The Political Economy of Secession<\/a>  (NZZ Verlag) <\/p>\n<p><strong>Referate:<\/strong><\/p>\n<p><a href=\"https:\/\/pf.annen.ch\/1988\/05\/27\/prolegomena-for-a-strategy-of-constitutional-revolution\/\">Prolegomena for a Strategy of Constitutional Revolution<\/a> (27.05.1988) <\/p>\n","protected":false},"excerpt":{"rendered":"<p>George Mason University, Fairfax, VA, Nobelpreistr\u00e4ger der Wirtschaftswissenschaften BEITR\u00c4GE F\u00dcR DIE PROGRESS FOUNDATION Buchbeitr\u00e4ge: Die M\u00fchsal mit dem Liberalismus (NZZ Verlag) Die Entstaatlichung des Geldes (NZZ Verlag) The Political Economy of Secession (NZZ Verlag) Referate: Prolegomena for a Strategy of Constitutional Revolution (27.05.1988)<\/p>\n","protected":false},"author":1,"featured_media":0,"parent":991,"menu_order":0,"comment_status":"closed","ping_status":"closed","template":"","meta":{"neve_meta_sidebar":"full-width","neve_meta_container":"","neve_meta_enable_content_width":"on","neve_meta_content_width":100,"neve_meta_title_alignment":"","neve_meta_author_avatar":"","neve_post_elements_order":"","neve_meta_disable_header":"","neve_meta_disable_footer":"","neve_meta_disable_title":"","footnotes":"","_links_to":"","_links_to_target":""},"_links":{"self":[{"href":"https:\/\/pf.annen.ch\/en\/wp-json\/wp\/v2\/pages\/2007"}],"collection":[{"href":"https:\/\/pf.annen.ch\/en\/wp-json\/wp\/v2\/pages"}],"about":[{"href":"https:\/\/pf.annen.ch\/en\/wp-json\/wp\/v2\/types\/page"}],"author":[{"embeddable":true,"href":"https:\/\/pf.annen.ch\/en\/wp-json\/wp\/v2\/users\/1"}],"replies":[{"embeddable":true,"href":"https:\/\/pf.annen.ch\/en\/wp-json\/wp\/v2\/comments?post=2007"}],"version-history":[{"count":2,"href":"https:\/\/pf.annen.ch\/en\/wp-json\/wp\/v2\/pages\/2007\/revisions"}],"predecessor-version":[{"id":2014,"href":"https:\/\/pf.annen.ch\/en\/wp-json\/wp\/v2\/pages\/2007\/revisions\/2014"}],"up":[{"embeddable":true,"href":"https:\/\/pf.annen.ch\/en\/wp-json\/wp\/v2\/pages\/991"}],"wp:attachment":[{"href":"https:\/\/pf.annen.ch\/en\/wp-json\/wp\/v2\/media?parent=2007"}],"curies":[{"name":"wp","href":"https:\/\/api.w.org\/{rel}","templated":true}]}}