{"id":2030,"date":"2021-07-07T20:50:17","date_gmt":"2021-07-07T18:50:17","guid":{"rendered":"http:\/\/progress-foundation.nexline.ch\/?page_id=2030"},"modified":"2021-07-07T21:08:49","modified_gmt":"2021-07-07T19:08:49","slug":"jose-casanova","status":"publish","type":"page","link":"https:\/\/pf.annen.ch\/en\/personen\/jose-casanova\/","title":{"rendered":"Jos\u00e9 Casanova"},"content":{"rendered":"<p><em>Senior Fellow<br \/>\nBerkley Center for Religion, Peace &#038; World Affairs at Georgetown University<\/em><\/p>\n<p><strong>BEITR\u00c4GE F\u00dcR DIE PROGRESS FOUNDATION<\/strong><\/p>\n<p><strong>Buchbeitr\u00e4ge:<\/strong><\/p>\n<p><a href=\"https:\/\/pf.annen.ch\/publikationen\/buecher\/religion-liberalitaet-und-rechtsstaat\/\">Religion, Liberalit\u00e4t und Rechtsstaat<\/a>  (NZZ Verlag) <\/p>\n<p><strong>Referate:<\/strong><\/p>\n<p><a href=\"https:\/\/pf.annen.ch\/2014\/06\/02\/der-saekulare-staat-religioeser-pluralismus-und-liberalismus\/\">Der s\u00e4kulare Staat, religi\u00f6ser Pluralismus und Liberalismus<\/a>  (02.06.2014) <\/p>\n","protected":false},"excerpt":{"rendered":"<p>Senior Fellow Berkley Center for Religion, Peace &#038; World Affairs at Georgetown University BEITR\u00c4GE F\u00dcR DIE PROGRESS FOUNDATION Buchbeitr\u00e4ge: Religion, Liberalit\u00e4t und Rechtsstaat (NZZ Verlag) Referate: Der s\u00e4kulare Staat, religi\u00f6ser Pluralismus und Liberalismus (02.06.2014)<\/p>\n","protected":false},"author":1,"featured_media":0,"parent":991,"menu_order":0,"comment_status":"closed","ping_status":"closed","template":"","meta":{"neve_meta_sidebar":"full-width","neve_meta_container":"","neve_meta_enable_content_width":"on","neve_meta_content_width":100,"neve_meta_title_alignment":"","neve_meta_author_avatar":"","neve_post_elements_order":"","neve_meta_disable_header":"","neve_meta_disable_footer":"","neve_meta_disable_title":"","footnotes":"","_links_to":"","_links_to_target":""},"_links":{"self":[{"href":"https:\/\/pf.annen.ch\/en\/wp-json\/wp\/v2\/pages\/2030"}],"collection":[{"href":"https:\/\/pf.annen.ch\/en\/wp-json\/wp\/v2\/pages"}],"about":[{"href":"https:\/\/pf.annen.ch\/en\/wp-json\/wp\/v2\/types\/page"}],"author":[{"embeddable":true,"href":"https:\/\/pf.annen.ch\/en\/wp-json\/wp\/v2\/users\/1"}],"replies":[{"embeddable":true,"href":"https:\/\/pf.annen.ch\/en\/wp-json\/wp\/v2\/comments?post=2030"}],"version-history":[{"count":2,"href":"https:\/\/pf.annen.ch\/en\/wp-json\/wp\/v2\/pages\/2030\/revisions"}],"predecessor-version":[{"id":2038,"href":"https:\/\/pf.annen.ch\/en\/wp-json\/wp\/v2\/pages\/2030\/revisions\/2038"}],"up":[{"embeddable":true,"href":"https:\/\/pf.annen.ch\/en\/wp-json\/wp\/v2\/pages\/991"}],"wp:attachment":[{"href":"https:\/\/pf.annen.ch\/en\/wp-json\/wp\/v2\/media?parent=2030"}],"curies":[{"name":"wp","href":"https:\/\/api.w.org\/{rel}","templated":true}]}}