{"id":2143,"date":"2021-07-08T10:36:26","date_gmt":"2021-07-08T08:36:26","guid":{"rendered":"http:\/\/progress-foundation.nexline.ch\/?page_id=2143"},"modified":"2021-07-08T10:39:34","modified_gmt":"2021-07-08T08:39:34","slug":"edwin-j-feulner","status":"publish","type":"page","link":"https:\/\/pf.annen.ch\/en\/personen\/edwin-j-feulner\/","title":{"rendered":"Edwin J. Feulner"},"content":{"rendered":"<p><em>The Heritage Foundation, Washington, D. C.<\/em><\/p>\n<p><strong>BEITR\u00c4GE F\u00dcR DIE PROGRESS FOUNDATION<\/strong><\/p>\n<p><strong>Buchbeitr\u00e4ge:<\/strong><\/p>\n<p><a href=\"https:\/\/pf.annen.ch\/publikationen\/buecher\/das-recht-auf-sich-selbst\/\">Das Recht auf sich selbst<\/a> (NZZ Verlag) <\/p>\n<p><strong>Referate:<\/strong><\/p>\n<p><a href=\"https:\/\/pf.annen.ch\/2002\/04\/24\/security-and-freedom-policy-options-for-the-new-era\/\">Security and Freedom: Policy Options for the New Era<\/a>  (24.04.2002) <\/p>\n","protected":false},"excerpt":{"rendered":"<p>The Heritage Foundation, Washington, D. C. BEITR\u00c4GE F\u00dcR DIE PROGRESS FOUNDATION Buchbeitr\u00e4ge: Das Recht auf sich selbst (NZZ Verlag) Referate: Security and Freedom: Policy Options for the New Era (24.04.2002)<\/p>\n","protected":false},"author":1,"featured_media":0,"parent":991,"menu_order":0,"comment_status":"closed","ping_status":"closed","template":"","meta":{"neve_meta_sidebar":"full-width","neve_meta_container":"","neve_meta_enable_content_width":"on","neve_meta_content_width":100,"neve_meta_title_alignment":"","neve_meta_author_avatar":"","neve_post_elements_order":"","neve_meta_disable_header":"","neve_meta_disable_footer":"","neve_meta_disable_title":"","footnotes":"","_links_to":"","_links_to_target":""},"_links":{"self":[{"href":"https:\/\/pf.annen.ch\/en\/wp-json\/wp\/v2\/pages\/2143"}],"collection":[{"href":"https:\/\/pf.annen.ch\/en\/wp-json\/wp\/v2\/pages"}],"about":[{"href":"https:\/\/pf.annen.ch\/en\/wp-json\/wp\/v2\/types\/page"}],"author":[{"embeddable":true,"href":"https:\/\/pf.annen.ch\/en\/wp-json\/wp\/v2\/users\/1"}],"replies":[{"embeddable":true,"href":"https:\/\/pf.annen.ch\/en\/wp-json\/wp\/v2\/comments?post=2143"}],"version-history":[{"count":2,"href":"https:\/\/pf.annen.ch\/en\/wp-json\/wp\/v2\/pages\/2143\/revisions"}],"predecessor-version":[{"id":2149,"href":"https:\/\/pf.annen.ch\/en\/wp-json\/wp\/v2\/pages\/2143\/revisions\/2149"}],"up":[{"embeddable":true,"href":"https:\/\/pf.annen.ch\/en\/wp-json\/wp\/v2\/pages\/991"}],"wp:attachment":[{"href":"https:\/\/pf.annen.ch\/en\/wp-json\/wp\/v2\/media?parent=2143"}],"curies":[{"name":"wp","href":"https:\/\/api.w.org\/{rel}","templated":true}]}}