{"id":2341,"date":"2021-07-08T20:10:25","date_gmt":"2021-07-08T18:10:25","guid":{"rendered":"http:\/\/progress-foundation.nexline.ch\/?page_id=2341"},"modified":"2021-07-08T20:14:16","modified_gmt":"2021-07-08T18:14:16","slug":"gerd-habermann","status":"publish","type":"page","link":"https:\/\/pf.annen.ch\/en\/personen\/gerd-habermann\/","title":{"rendered":"Gerd Habermann"},"content":{"rendered":"<p><em>Universit\u00e4t, Potsdam<\/em><\/p>\n<p><strong>BEITR\u00c4GE F\u00dcR DIE PROGRESS FOUNDATION<\/strong><\/p>\n<p><strong>Herausgeberschaften:<\/strong><\/p>\n<p><a href=\"https:\/\/pf.annen.ch\/publikationen\/buecher\/der-liberalismus-eine-zeitlose-idee\/\">Der Liberalismus \u2013 eine zeitlose Idee<\/a>  (Olzog Verlag GmbH) <\/p>\n<p><strong>Buchbeitr\u00e4ge:<\/strong><\/p>\n<p><a href=\"https:\/\/pf.annen.ch\/publikationen\/buecher\/europe-switzerland-and-the-future-of-freedom\/\">Europe, Switzerland and the Future of Freedom<\/a>  (IBL Libri) <\/p>\n<p><strong>WEITERE BEITR\u00c4GE VON UND \u00dcBER GERD HABERMANN<\/strong><\/p>\n<p><i class=\"fa fa-file-pdf-o\" aria-hidden=\"true\"><\/i> <a href=\"https:\/\/pf.annen.ch\/wp-content\/uploads\/2021\/07\/116_BioeconomicsGerd-Habermann-IW-Forum-Ist-der-Wettbewerb-D.pdf\">Ist der Wettbewerb asozial?<\/a>, IW-Forum, 31.12.2002<br \/>\n<i class=\"fa fa-file-pdf-o\" aria-hidden=\"true\"><\/i> <a href=\"https:\/\/pf.annen.ch\/wp-content\/uploads\/2021\/07\/131_Neido\u0308kon.Gerd-HabermannIW-ForumBetrachtungen-zur-O\u0308kon.des-Neides-D.pdf\">Betrachtungen zur \u00d6konomie des Neides<\/a>, IW-Forum, 18.12.2001 <\/p>\n","protected":false},"excerpt":{"rendered":"<p>Universit\u00e4t, Potsdam BEITR\u00c4GE F\u00dcR DIE PROGRESS FOUNDATION Herausgeberschaften: Der Liberalismus \u2013 eine zeitlose Idee (Olzog Verlag GmbH) Buchbeitr\u00e4ge: Europe, Switzerland and the Future of Freedom (IBL Libri) WEITERE BEITR\u00c4GE VON UND \u00dcBER GERD HABERMANN Ist der Wettbewerb asozial?, IW-Forum, 31.12.2002 Betrachtungen zur \u00d6konomie des Neides, IW-Forum, 18.12.2001<\/p>\n","protected":false},"author":1,"featured_media":0,"parent":991,"menu_order":0,"comment_status":"closed","ping_status":"closed","template":"","meta":{"neve_meta_sidebar":"full-width","neve_meta_container":"","neve_meta_enable_content_width":"on","neve_meta_content_width":100,"neve_meta_title_alignment":"","neve_meta_author_avatar":"","neve_post_elements_order":"","neve_meta_disable_header":"","neve_meta_disable_footer":"","neve_meta_disable_title":"","footnotes":"","_links_to":"","_links_to_target":""},"_links":{"self":[{"href":"https:\/\/pf.annen.ch\/en\/wp-json\/wp\/v2\/pages\/2341"}],"collection":[{"href":"https:\/\/pf.annen.ch\/en\/wp-json\/wp\/v2\/pages"}],"about":[{"href":"https:\/\/pf.annen.ch\/en\/wp-json\/wp\/v2\/types\/page"}],"author":[{"embeddable":true,"href":"https:\/\/pf.annen.ch\/en\/wp-json\/wp\/v2\/users\/1"}],"replies":[{"embeddable":true,"href":"https:\/\/pf.annen.ch\/en\/wp-json\/wp\/v2\/comments?post=2341"}],"version-history":[{"count":3,"href":"https:\/\/pf.annen.ch\/en\/wp-json\/wp\/v2\/pages\/2341\/revisions"}],"predecessor-version":[{"id":2351,"href":"https:\/\/pf.annen.ch\/en\/wp-json\/wp\/v2\/pages\/2341\/revisions\/2351"}],"up":[{"embeddable":true,"href":"https:\/\/pf.annen.ch\/en\/wp-json\/wp\/v2\/pages\/991"}],"wp:attachment":[{"href":"https:\/\/pf.annen.ch\/en\/wp-json\/wp\/v2\/media?parent=2341"}],"curies":[{"name":"wp","href":"https:\/\/api.w.org\/{rel}","templated":true}]}}