{"id":2352,"date":"2021-07-08T20:16:13","date_gmt":"2021-07-08T18:16:13","guid":{"rendered":"http:\/\/progress-foundation.nexline.ch\/?page_id=2352"},"modified":"2021-07-08T20:16:13","modified_gmt":"2021-07-08T18:16:13","slug":"juergen-habermas","status":"publish","type":"page","link":"https:\/\/pf.annen.ch\/en\/personen\/juergen-habermas\/","title":{"rendered":"J\u00fcrgen Habermas"},"content":{"rendered":"<p><strong>BEITR\u00c4GE F\u00dcR DIE PROGRESS FOUNDATION<\/strong><\/p>\n<p><strong>Buchbeitr\u00e4ge:<\/strong><\/p>\n<p><a href=\"https:\/\/pf.annen.ch\/publikationen\/buecher\/religion-liberalitaet-und-rechtsstaat\/\">Religion, Liberalit\u00e4t und Rechtsstaat<\/a> (NZZ Verlag) <\/p>\n","protected":false},"excerpt":{"rendered":"<p>BEITR\u00c4GE F\u00dcR DIE PROGRESS FOUNDATION Buchbeitr\u00e4ge: Religion, Liberalit\u00e4t und Rechtsstaat (NZZ Verlag)<\/p>\n","protected":false},"author":1,"featured_media":0,"parent":991,"menu_order":0,"comment_status":"closed","ping_status":"closed","template":"","meta":{"neve_meta_sidebar":"full-width","neve_meta_container":"","neve_meta_enable_content_width":"on","neve_meta_content_width":100,"neve_meta_title_alignment":"","neve_meta_author_avatar":"","neve_post_elements_order":"","neve_meta_disable_header":"","neve_meta_disable_footer":"","neve_meta_disable_title":"","footnotes":"","_links_to":"","_links_to_target":""},"_links":{"self":[{"href":"https:\/\/pf.annen.ch\/en\/wp-json\/wp\/v2\/pages\/2352"}],"collection":[{"href":"https:\/\/pf.annen.ch\/en\/wp-json\/wp\/v2\/pages"}],"about":[{"href":"https:\/\/pf.annen.ch\/en\/wp-json\/wp\/v2\/types\/page"}],"author":[{"embeddable":true,"href":"https:\/\/pf.annen.ch\/en\/wp-json\/wp\/v2\/users\/1"}],"replies":[{"embeddable":true,"href":"https:\/\/pf.annen.ch\/en\/wp-json\/wp\/v2\/comments?post=2352"}],"version-history":[{"count":1,"href":"https:\/\/pf.annen.ch\/en\/wp-json\/wp\/v2\/pages\/2352\/revisions"}],"predecessor-version":[{"id":2353,"href":"https:\/\/pf.annen.ch\/en\/wp-json\/wp\/v2\/pages\/2352\/revisions\/2353"}],"up":[{"embeddable":true,"href":"https:\/\/pf.annen.ch\/en\/wp-json\/wp\/v2\/pages\/991"}],"wp:attachment":[{"href":"https:\/\/pf.annen.ch\/en\/wp-json\/wp\/v2\/media?parent=2352"}],"curies":[{"name":"wp","href":"https:\/\/api.w.org\/{rel}","templated":true}]}}