{"id":2367,"date":"2021-07-08T20:27:34","date_gmt":"2021-07-08T18:27:34","guid":{"rendered":"http:\/\/progress-foundation.nexline.ch\/?page_id=2367"},"modified":"2021-07-20T11:30:14","modified_gmt":"2021-07-20T09:30:14","slug":"rainer-hank","status":"publish","type":"page","link":"https:\/\/pf.annen.ch\/en\/personen\/rainer-hank\/","title":{"rendered":"Rainer Hank"},"content":{"rendered":"<p><em>Frankfurter Allgemeine Zeitung, Frankfurt<\/em><\/p>\n<p><img loading=\"lazy\" decoding=\"async\" src=\"https:\/\/pf.annen.ch\/wp-content\/uploads\/2021\/07\/rainer_hank_150x150-150x150.jpg\" alt=\"\" width=\"150\" height=\"150\" class=\"alignnone size-thumbnail wp-image-4773\" \/><\/p>\n<p><strong>BEITR\u00c4GE F\u00dcR DIE PROGRESS FOUNDATION<\/strong><\/p>\n<p><strong>Buchbeitr\u00e4ge:<\/strong><\/p>\n<p><a href=\"https:\/\/pf.annen.ch\/publikationen\/buecher\/angst-vor-gefahren-oder-gefahren-durch-angst\/\">Angst vor Gefahren oder Gefahren durch Angst?<\/a>  (NZZ Verlag) <\/p>\n<p><strong>WEITERE BEITR\u00c4GE VON UND \u00dcBER RAINER HANK<\/strong><\/p>\n<p><i class=\"fa fa-file-pdf-o\" aria-hidden=\"true\"><\/i> <a href=\"https:\/\/pf.annen.ch\/wp-content\/uploads\/2021\/07\/Der-Preis-des-Pump-Kapitalismus.pdf\">Der Preis des Pump-Kapitalismus<\/a>, <em>Frankfurter Allgemeine Sonntagszeitung, 20.10.2019<\/em><br \/>\n<i class=\"fa fa-file-pdf-o\" aria-hidden=\"true\"><\/i> <a href=\"https:\/\/pf.annen.ch\/wp-content\/uploads\/2021\/07\/159_Corporate-GovernanceRainer-HankFrankfurter-Allgemeine-Die-Geburt_D.pdf\">Die Geburt der Firma und die Macht ihrer Manager<\/a>, <em>Frankfurter Allgemeine Sonntagszeitung, 08.07.2007<\/em><br \/>\n<i class=\"fa fa-file-pdf-o\" aria-hidden=\"true\"><\/i> <a href=\"https:\/\/pf.annen.ch\/wp-content\/uploads\/2021\/07\/122_Gl_ck-und-WohlstandRainer-HankFrankfurter-AllgemeineDer-Trick-des-Odysseues-D.pdf\">Der Trick des Odysseus oder: Wie die Menschen ihre Schw\u00e4chen \u00fcberlisten k\u00f6nnen<\/a>, <em>Frankfurter Allgemeine Sonntagszeitung, 07.05.2006<\/em><br \/>\n<a href=\"https:\/\/pf.annen.ch\/2002\/09\/01\/enttaeuschte-erwartungen-ein-anstoss-zum-lernen\/\">Entt\u00e4uschte Erwartungen &#8211; Ein Anstoss zum Lernen<\/a>, <em>Schweizer Monatshefte, Heft 9, 2002<\/em><br \/>\n<i class=\"fa fa-file-pdf-o\" aria-hidden=\"true\"><\/i> <a href=\"https:\/\/pf.annen.ch\/wp-content\/uploads\/2021\/07\/38_Hank_Scheitern_D.pdf\">Von der Humanit\u00e4t zu scheitern<\/a>, <em>Nachlese zum Symposium der Progress Foundation zum Thema &#8220;Angst in Wirtschaft und Gesellschaft\u201c, Juli 2002<\/em><br \/>\n<i class=\"fa fa-file-pdf-o\" aria-hidden=\"true\"><\/i> <a href=\"https:\/\/pf.annen.ch\/wp-content\/uploads\/2002\/07\/hank_angst_aufschwung.pdf\">Angst essen Aufschwung auf<\/a>, <em>Frankfurter Allgemeine Sonntagszeitung, 04.08.2002<\/em> <\/p>\n","protected":false},"excerpt":{"rendered":"<p>Frankfurter Allgemeine Zeitung, Frankfurt BEITR\u00c4GE F\u00dcR DIE PROGRESS FOUNDATION Buchbeitr\u00e4ge: Angst vor Gefahren oder Gefahren durch Angst? (NZZ Verlag) WEITERE BEITR\u00c4GE VON UND \u00dcBER RAINER HANK Der Preis des Pump-Kapitalismus, Frankfurter Allgemeine Sonntagszeitung, 20.10.2019 Die Geburt der Firma und die Macht ihrer Manager, Frankfurter Allgemeine Sonntagszeitung, 08.07.2007 Der Trick des Odysseus oder: Wie die Menschen&hellip;&nbsp;<a href=\"https:\/\/pf.annen.ch\/en\/personen\/rainer-hank\/\" class=\"\" rel=\"bookmark\">Read More &raquo;<span class=\"screen-reader-text\">Rainer Hank<\/span><\/a><\/p>\n","protected":false},"author":1,"featured_media":0,"parent":991,"menu_order":0,"comment_status":"closed","ping_status":"closed","template":"","meta":{"neve_meta_sidebar":"full-width","neve_meta_container":"","neve_meta_enable_content_width":"on","neve_meta_content_width":100,"neve_meta_title_alignment":"","neve_meta_author_avatar":"","neve_post_elements_order":"","neve_meta_disable_header":"","neve_meta_disable_footer":"","neve_meta_disable_title":"","footnotes":"","_links_to":"","_links_to_target":""},"_links":{"self":[{"href":"https:\/\/pf.annen.ch\/en\/wp-json\/wp\/v2\/pages\/2367"}],"collection":[{"href":"https:\/\/pf.annen.ch\/en\/wp-json\/wp\/v2\/pages"}],"about":[{"href":"https:\/\/pf.annen.ch\/en\/wp-json\/wp\/v2\/types\/page"}],"author":[{"embeddable":true,"href":"https:\/\/pf.annen.ch\/en\/wp-json\/wp\/v2\/users\/1"}],"replies":[{"embeddable":true,"href":"https:\/\/pf.annen.ch\/en\/wp-json\/wp\/v2\/comments?post=2367"}],"version-history":[{"count":5,"href":"https:\/\/pf.annen.ch\/en\/wp-json\/wp\/v2\/pages\/2367\/revisions"}],"predecessor-version":[{"id":4776,"href":"https:\/\/pf.annen.ch\/en\/wp-json\/wp\/v2\/pages\/2367\/revisions\/4776"}],"up":[{"embeddable":true,"href":"https:\/\/pf.annen.ch\/en\/wp-json\/wp\/v2\/pages\/991"}],"wp:attachment":[{"href":"https:\/\/pf.annen.ch\/en\/wp-json\/wp\/v2\/media?parent=2367"}],"curies":[{"name":"wp","href":"https:\/\/api.w.org\/{rel}","templated":true}]}}