{"id":2373,"date":"2021-07-08T23:06:56","date_gmt":"2021-07-08T21:06:56","guid":{"rendered":"http:\/\/progress-foundation.nexline.ch\/?page_id=2373"},"modified":"2021-07-08T23:10:44","modified_gmt":"2021-07-08T21:10:44","slug":"hans-haumer","status":"publish","type":"page","link":"https:\/\/pf.annen.ch\/en\/personen\/hans-haumer\/","title":{"rendered":"Hans Haumer"},"content":{"rendered":"<p><strong>BEITR\u00c4GE F\u00dcR DIE PROGRESS FOUNDATION<\/strong><\/p>\n<p><strong>Buchbeitr\u00e4ge:<\/strong><\/p>\n<p><a href=\"https:\/\/pf.annen.ch\/publikationen\/buecher\/vertrauen-anker-einer-freiheitlichen-ordnung\/\">Vertrauen \u2013 Anker einer freiheitlichen Ordnung<\/a>  (NZZ Verlag) <\/p>\n<p><strong>WEITERE BEITR\u00c4GE VON UND \u00dcBER HANS HAUMER<\/strong><\/p>\n<p><i class=\"fa fa-file-pdf-o\" aria-hidden=\"true\"><\/i> <a href=\"https:\/\/pf.annen.ch\/wp-content\/uploads\/2021\/07\/haumer_vertrauen_freiheitliche_ordnung.pdf\">Buchbesprechung\/Review: Vertrauen &#8211; Anker einer freiheitlich Ordnung<\/a>, Wirtschaftspolitische Bl\u00e4tter, April 2007 <\/p>\n","protected":false},"excerpt":{"rendered":"<p>BEITR\u00c4GE F\u00dcR DIE PROGRESS FOUNDATION Buchbeitr\u00e4ge: Vertrauen \u2013 Anker einer freiheitlichen Ordnung (NZZ Verlag) WEITERE BEITR\u00c4GE VON UND \u00dcBER HANS HAUMER Buchbesprechung\/Review: Vertrauen &#8211; Anker einer freiheitlich Ordnung, Wirtschaftspolitische Bl\u00e4tter, April 2007<\/p>\n","protected":false},"author":1,"featured_media":0,"parent":991,"menu_order":0,"comment_status":"closed","ping_status":"closed","template":"","meta":{"neve_meta_sidebar":"full-width","neve_meta_container":"","neve_meta_enable_content_width":"on","neve_meta_content_width":100,"neve_meta_title_alignment":"","neve_meta_author_avatar":"","neve_post_elements_order":"","neve_meta_disable_header":"","neve_meta_disable_footer":"","neve_meta_disable_title":"","footnotes":"","_links_to":"","_links_to_target":""},"_links":{"self":[{"href":"https:\/\/pf.annen.ch\/en\/wp-json\/wp\/v2\/pages\/2373"}],"collection":[{"href":"https:\/\/pf.annen.ch\/en\/wp-json\/wp\/v2\/pages"}],"about":[{"href":"https:\/\/pf.annen.ch\/en\/wp-json\/wp\/v2\/types\/page"}],"author":[{"embeddable":true,"href":"https:\/\/pf.annen.ch\/en\/wp-json\/wp\/v2\/users\/1"}],"replies":[{"embeddable":true,"href":"https:\/\/pf.annen.ch\/en\/wp-json\/wp\/v2\/comments?post=2373"}],"version-history":[{"count":4,"href":"https:\/\/pf.annen.ch\/en\/wp-json\/wp\/v2\/pages\/2373\/revisions"}],"predecessor-version":[{"id":2381,"href":"https:\/\/pf.annen.ch\/en\/wp-json\/wp\/v2\/pages\/2373\/revisions\/2381"}],"up":[{"embeddable":true,"href":"https:\/\/pf.annen.ch\/en\/wp-json\/wp\/v2\/pages\/991"}],"wp:attachment":[{"href":"https:\/\/pf.annen.ch\/en\/wp-json\/wp\/v2\/media?parent=2373"}],"curies":[{"name":"wp","href":"https:\/\/api.w.org\/{rel}","templated":true}]}}