{"id":2410,"date":"2021-07-08T23:40:11","date_gmt":"2021-07-08T21:40:11","guid":{"rendered":"http:\/\/progress-foundation.nexline.ch\/?page_id=2410"},"modified":"2021-07-09T00:48:49","modified_gmt":"2021-07-08T22:48:49","slug":"martin-janssen","status":"publish","type":"page","link":"https:\/\/pf.annen.ch\/en\/personen\/martin-janssen\/","title":{"rendered":"Martin Janssen"},"content":{"rendered":"<p><img loading=\"lazy\" decoding=\"async\" src=\"https:\/\/pf.annen.ch\/wp-content\/uploads\/2021\/07\/martin_janssen_150x150.jpg\" alt=\"\" width=\"150\" height=\"150\" class=\"alignnone size-full wp-image-2459\" \/><\/p>\n<p><strong>BEITR\u00c4GE F\u00dcR DIE PROGRESS FOUNDATION<\/strong><\/p>\n<p><strong>Buchbeitr\u00e4ge:<\/strong><\/p>\n<p><a href=\"https:\/\/pf.annen.ch\/publikationen\/buecher\/kleinstaat-schweiz-auslauf-oder-erfolgsmodell\/\">Kleinstaat Schweiz \u2013 Auslauf- oder Erfolgsmodell?<\/a>  (NZZ Libro) <\/p>\n","protected":false},"excerpt":{"rendered":"<p>BEITR\u00c4GE F\u00dcR DIE PROGRESS FOUNDATION Buchbeitr\u00e4ge: Kleinstaat Schweiz \u2013 Auslauf- oder Erfolgsmodell? (NZZ Libro)<\/p>\n","protected":false},"author":1,"featured_media":0,"parent":991,"menu_order":0,"comment_status":"closed","ping_status":"closed","template":"","meta":{"neve_meta_sidebar":"full-width","neve_meta_container":"","neve_meta_enable_content_width":"on","neve_meta_content_width":100,"neve_meta_title_alignment":"","neve_meta_author_avatar":"","neve_post_elements_order":"","neve_meta_disable_header":"","neve_meta_disable_footer":"","neve_meta_disable_title":"","footnotes":"","_links_to":"","_links_to_target":""},"_links":{"self":[{"href":"https:\/\/pf.annen.ch\/en\/wp-json\/wp\/v2\/pages\/2410"}],"collection":[{"href":"https:\/\/pf.annen.ch\/en\/wp-json\/wp\/v2\/pages"}],"about":[{"href":"https:\/\/pf.annen.ch\/en\/wp-json\/wp\/v2\/types\/page"}],"author":[{"embeddable":true,"href":"https:\/\/pf.annen.ch\/en\/wp-json\/wp\/v2\/users\/1"}],"replies":[{"embeddable":true,"href":"https:\/\/pf.annen.ch\/en\/wp-json\/wp\/v2\/comments?post=2410"}],"version-history":[{"count":3,"href":"https:\/\/pf.annen.ch\/en\/wp-json\/wp\/v2\/pages\/2410\/revisions"}],"predecessor-version":[{"id":2462,"href":"https:\/\/pf.annen.ch\/en\/wp-json\/wp\/v2\/pages\/2410\/revisions\/2462"}],"up":[{"embeddable":true,"href":"https:\/\/pf.annen.ch\/en\/wp-json\/wp\/v2\/pages\/991"}],"wp:attachment":[{"href":"https:\/\/pf.annen.ch\/en\/wp-json\/wp\/v2\/media?parent=2410"}],"curies":[{"name":"wp","href":"https:\/\/api.w.org\/{rel}","templated":true}]}}