{"id":2529,"date":"2021-07-09T12:49:51","date_gmt":"2021-07-09T10:49:51","guid":{"rendered":"http:\/\/progress-foundation.nexline.ch\/?page_id=2529"},"modified":"2021-07-09T12:49:51","modified_gmt":"2021-07-09T10:49:51","slug":"soeren-kierkegaard","status":"publish","type":"page","link":"https:\/\/pf.annen.ch\/en\/personen\/soeren-kierkegaard\/","title":{"rendered":"S\u00f8ren Kierkegaard"},"content":{"rendered":"<p><strong>BEITR\u00c4GE F\u00dcR DIE PROGRESS FOUNDATION<\/strong><\/p>\n<p><strong>Buchbeitr\u00e4ge:<\/strong><\/p>\n<p><a href=\"https:\/\/pf.annen.ch\/publikationen\/buecher\/angst-vor-gefahren-oder-gefahren-durch-angst\/\">Angst vor Gefahren oder Gefahren durch Angst?<\/a>  (NZZ Verlag) <\/p>\n","protected":false},"excerpt":{"rendered":"<p>BEITR\u00c4GE F\u00dcR DIE PROGRESS FOUNDATION Buchbeitr\u00e4ge: Angst vor Gefahren oder Gefahren durch Angst? (NZZ Verlag)<\/p>\n","protected":false},"author":1,"featured_media":0,"parent":991,"menu_order":0,"comment_status":"closed","ping_status":"closed","template":"","meta":{"neve_meta_sidebar":"full-width","neve_meta_container":"","neve_meta_enable_content_width":"on","neve_meta_content_width":100,"neve_meta_title_alignment":"","neve_meta_author_avatar":"","neve_post_elements_order":"","neve_meta_disable_header":"","neve_meta_disable_footer":"","neve_meta_disable_title":"","footnotes":"","_links_to":"","_links_to_target":""},"_links":{"self":[{"href":"https:\/\/pf.annen.ch\/en\/wp-json\/wp\/v2\/pages\/2529"}],"collection":[{"href":"https:\/\/pf.annen.ch\/en\/wp-json\/wp\/v2\/pages"}],"about":[{"href":"https:\/\/pf.annen.ch\/en\/wp-json\/wp\/v2\/types\/page"}],"author":[{"embeddable":true,"href":"https:\/\/pf.annen.ch\/en\/wp-json\/wp\/v2\/users\/1"}],"replies":[{"embeddable":true,"href":"https:\/\/pf.annen.ch\/en\/wp-json\/wp\/v2\/comments?post=2529"}],"version-history":[{"count":1,"href":"https:\/\/pf.annen.ch\/en\/wp-json\/wp\/v2\/pages\/2529\/revisions"}],"predecessor-version":[{"id":2530,"href":"https:\/\/pf.annen.ch\/en\/wp-json\/wp\/v2\/pages\/2529\/revisions\/2530"}],"up":[{"embeddable":true,"href":"https:\/\/pf.annen.ch\/en\/wp-json\/wp\/v2\/pages\/991"}],"wp:attachment":[{"href":"https:\/\/pf.annen.ch\/en\/wp-json\/wp\/v2\/media?parent=2529"}],"curies":[{"name":"wp","href":"https:\/\/api.w.org\/{rel}","templated":true}]}}