{"id":2608,"date":"2021-07-09T22:07:10","date_gmt":"2021-07-09T20:07:10","guid":{"rendered":"http:\/\/progress-foundation.nexline.ch\/?page_id=2608"},"modified":"2021-07-09T22:16:51","modified_gmt":"2021-07-09T20:16:51","slug":"bernd-kramer","status":"publish","type":"page","link":"https:\/\/pf.annen.ch\/en\/personen\/bernd-kramer\/","title":{"rendered":"Bernd Kramer"},"content":{"rendered":"<p><em>Badische Zeitung<\/em><\/p>\n<p><strong>BEITR\u00c4GE F\u00dcR DIE PROGRESS FOUNDATION<\/strong><\/p>\n<p><strong>Buchbeitr\u00e4ge:<\/strong><\/p>\n<p><a href=\"https:\/\/pf.annen.ch\/publikationen\/buecher\/das-ringen-um-die-freiheit\/\">Das Ringen um die Freiheit<\/a>  (NZZ Verlag) <\/p>\n<p><strong>WEITERE BEITR\u00c4GE VON UND \u00dcBER BERND KRAMER<\/strong><\/p>\n<p><a href=\"https:\/\/pf.annen.ch\/2018\/04\/11\/kurtaxe-fuer-deutsche-einwanderer-in-die-schweiz\/\">&#8220;Kurtaxe&#8221; f\u00fcr deutsche Einwanderer in die Schweiz<\/a>, <em>Badische Zeitung, 11.04.2018<\/em><br \/>\n<a href=\"https:\/\/pf.annen.ch\/2012\/04\/27\/warum-verkauft-sich-der-liberalismus-so-schlecht\/\">Warum verkauft sich der Liberalismus so schlecht?<\/a>, <em>Badische Zeitung, 27.04.2012<\/em><br \/>\n<a href=\"https:\/\/pf.annen.ch\/2010\/07\/03\/liberale-pflichtlektuere\/\">Liberale Pflichtlekt\u00fcre<\/a>, <em>Badische Zeitung, 03.07.2010<\/em> <\/p>\n","protected":false},"excerpt":{"rendered":"<p>Badische Zeitung BEITR\u00c4GE F\u00dcR DIE PROGRESS FOUNDATION Buchbeitr\u00e4ge: Das Ringen um die Freiheit (NZZ Verlag) WEITERE BEITR\u00c4GE VON UND \u00dcBER BERND KRAMER &#8220;Kurtaxe&#8221; f\u00fcr deutsche Einwanderer in die Schweiz, Badische Zeitung, 11.04.2018 Warum verkauft sich der Liberalismus so schlecht?, Badische Zeitung, 27.04.2012 Liberale Pflichtlekt\u00fcre, Badische Zeitung, 03.07.2010<\/p>\n","protected":false},"author":1,"featured_media":0,"parent":991,"menu_order":0,"comment_status":"closed","ping_status":"closed","template":"","meta":{"neve_meta_sidebar":"full-width","neve_meta_container":"","neve_meta_enable_content_width":"on","neve_meta_content_width":100,"neve_meta_title_alignment":"","neve_meta_author_avatar":"","neve_post_elements_order":"","neve_meta_disable_header":"","neve_meta_disable_footer":"","neve_meta_disable_title":"","footnotes":"","_links_to":"","_links_to_target":""},"_links":{"self":[{"href":"https:\/\/pf.annen.ch\/en\/wp-json\/wp\/v2\/pages\/2608"}],"collection":[{"href":"https:\/\/pf.annen.ch\/en\/wp-json\/wp\/v2\/pages"}],"about":[{"href":"https:\/\/pf.annen.ch\/en\/wp-json\/wp\/v2\/types\/page"}],"author":[{"embeddable":true,"href":"https:\/\/pf.annen.ch\/en\/wp-json\/wp\/v2\/users\/1"}],"replies":[{"embeddable":true,"href":"https:\/\/pf.annen.ch\/en\/wp-json\/wp\/v2\/comments?post=2608"}],"version-history":[{"count":3,"href":"https:\/\/pf.annen.ch\/en\/wp-json\/wp\/v2\/pages\/2608\/revisions"}],"predecessor-version":[{"id":2615,"href":"https:\/\/pf.annen.ch\/en\/wp-json\/wp\/v2\/pages\/2608\/revisions\/2615"}],"up":[{"embeddable":true,"href":"https:\/\/pf.annen.ch\/en\/wp-json\/wp\/v2\/pages\/991"}],"wp:attachment":[{"href":"https:\/\/pf.annen.ch\/en\/wp-json\/wp\/v2\/media?parent=2608"}],"curies":[{"name":"wp","href":"https:\/\/api.w.org\/{rel}","templated":true}]}}