{"id":2808,"date":"2021-07-10T15:50:35","date_gmt":"2021-07-10T13:50:35","guid":{"rendered":"http:\/\/progress-foundation.nexline.ch\/?page_id=2808"},"modified":"2021-07-10T15:55:00","modified_gmt":"2021-07-10T13:55:00","slug":"klaus-mackscheidt","status":"publish","type":"page","link":"https:\/\/pf.annen.ch\/en\/personen\/klaus-mackscheidt\/","title":{"rendered":"Klaus Mackscheidt"},"content":{"rendered":"<p><em>Universit\u00e4t K\u00f6ln<\/em><\/p>\n<p><strong>BEITR\u00c4GE F\u00dcR DIE PROGRESS FOUNDATION<\/strong><\/p>\n<p><strong>Buchbeitr\u00e4ge:<\/strong><\/p>\n<p><a href=\"https:\/\/pf.annen.ch\/publikationen\/buecher\/angst-vor-gefahren-oder-gefahren-durch-angst\/\">Angst vor Gefahren oder Gefahren durch Angst?<\/a>  (NZZ Verlag) <\/p>\n<p><strong>Referate:<\/strong><\/p>\n<p><a href=\"https:\/\/pf.annen.ch\/2003\/04\/24\/die-idee-einer-grossen-steuerreform-vergebliche-liebesmueh\/\">Die Idee einer grossen Steuerreform &#8211; vergebliche Liebesm\u00fch? <\/a> (24.04.2003) <\/p>\n","protected":false},"excerpt":{"rendered":"<p>Universit\u00e4t K\u00f6ln BEITR\u00c4GE F\u00dcR DIE PROGRESS FOUNDATION Buchbeitr\u00e4ge: Angst vor Gefahren oder Gefahren durch Angst? (NZZ Verlag) Referate: Die Idee einer grossen Steuerreform &#8211; vergebliche Liebesm\u00fch? (24.04.2003)<\/p>\n","protected":false},"author":1,"featured_media":0,"parent":991,"menu_order":0,"comment_status":"closed","ping_status":"closed","template":"","meta":{"neve_meta_sidebar":"full-width","neve_meta_container":"","neve_meta_enable_content_width":"on","neve_meta_content_width":100,"neve_meta_title_alignment":"","neve_meta_author_avatar":"","neve_post_elements_order":"","neve_meta_disable_header":"","neve_meta_disable_footer":"","neve_meta_disable_title":"","footnotes":"","_links_to":"","_links_to_target":""},"_links":{"self":[{"href":"https:\/\/pf.annen.ch\/en\/wp-json\/wp\/v2\/pages\/2808"}],"collection":[{"href":"https:\/\/pf.annen.ch\/en\/wp-json\/wp\/v2\/pages"}],"about":[{"href":"https:\/\/pf.annen.ch\/en\/wp-json\/wp\/v2\/types\/page"}],"author":[{"embeddable":true,"href":"https:\/\/pf.annen.ch\/en\/wp-json\/wp\/v2\/users\/1"}],"replies":[{"embeddable":true,"href":"https:\/\/pf.annen.ch\/en\/wp-json\/wp\/v2\/comments?post=2808"}],"version-history":[{"count":3,"href":"https:\/\/pf.annen.ch\/en\/wp-json\/wp\/v2\/pages\/2808\/revisions"}],"predecessor-version":[{"id":2815,"href":"https:\/\/pf.annen.ch\/en\/wp-json\/wp\/v2\/pages\/2808\/revisions\/2815"}],"up":[{"embeddable":true,"href":"https:\/\/pf.annen.ch\/en\/wp-json\/wp\/v2\/pages\/991"}],"wp:attachment":[{"href":"https:\/\/pf.annen.ch\/en\/wp-json\/wp\/v2\/media?parent=2808"}],"curies":[{"name":"wp","href":"https:\/\/api.w.org\/{rel}","templated":true}]}}