{"id":2821,"date":"2021-07-10T16:01:56","date_gmt":"2021-07-10T14:01:56","guid":{"rendered":"http:\/\/progress-foundation.nexline.ch\/?page_id=2821"},"modified":"2021-07-10T16:20:34","modified_gmt":"2021-07-10T14:20:34","slug":"graham-mather","status":"publish","type":"page","link":"https:\/\/pf.annen.ch\/en\/personen\/graham-mather\/","title":{"rendered":"Graham Mather"},"content":{"rendered":"<p><em>President of the European Policy Forum<\/em><\/p>\n<p><strong>BEITR\u00c4GE F\u00dcR DIE PROGRESS FOUNDATION<\/strong><\/p>\n<p><strong>Buchbeitr\u00e4ge:<\/strong><\/p>\n<p><a href=\"https:\/\/pf.annen.ch\/publikationen\/buecher\/europe-switzerland-and-the-future-of-freedom\/\">Europe, Switzerland and the Future of Freedom<\/a> (IBL Libri) <\/p>\n<p><strong>Referate:<\/strong><\/p>\n<p><a href=\"https:\/\/pf.annen.ch\/2010\/10\/20\/is-soft-law-taking-over-the-perils-and-benefits-of-non-traditional-legislation\/\">Is Soft Law Taking Over? The Perils and Benefits of Non-traditional Legislation<\/a> (20.10.2010) <\/p>\n","protected":false},"excerpt":{"rendered":"<p>President of the European Policy Forum BEITR\u00c4GE F\u00dcR DIE PROGRESS FOUNDATION Buchbeitr\u00e4ge: Europe, Switzerland and the Future of Freedom (IBL Libri) Referate: Is Soft Law Taking Over? The Perils and Benefits of Non-traditional Legislation (20.10.2010)<\/p>\n","protected":false},"author":1,"featured_media":0,"parent":991,"menu_order":0,"comment_status":"closed","ping_status":"closed","template":"","meta":{"neve_meta_sidebar":"full-width","neve_meta_container":"","neve_meta_enable_content_width":"on","neve_meta_content_width":100,"neve_meta_title_alignment":"","neve_meta_author_avatar":"","neve_post_elements_order":"","neve_meta_disable_header":"","neve_meta_disable_footer":"","neve_meta_disable_title":"","footnotes":"","_links_to":"","_links_to_target":""},"_links":{"self":[{"href":"https:\/\/pf.annen.ch\/en\/wp-json\/wp\/v2\/pages\/2821"}],"collection":[{"href":"https:\/\/pf.annen.ch\/en\/wp-json\/wp\/v2\/pages"}],"about":[{"href":"https:\/\/pf.annen.ch\/en\/wp-json\/wp\/v2\/types\/page"}],"author":[{"embeddable":true,"href":"https:\/\/pf.annen.ch\/en\/wp-json\/wp\/v2\/users\/1"}],"replies":[{"embeddable":true,"href":"https:\/\/pf.annen.ch\/en\/wp-json\/wp\/v2\/comments?post=2821"}],"version-history":[{"count":2,"href":"https:\/\/pf.annen.ch\/en\/wp-json\/wp\/v2\/pages\/2821\/revisions"}],"predecessor-version":[{"id":2837,"href":"https:\/\/pf.annen.ch\/en\/wp-json\/wp\/v2\/pages\/2821\/revisions\/2837"}],"up":[{"embeddable":true,"href":"https:\/\/pf.annen.ch\/en\/wp-json\/wp\/v2\/pages\/991"}],"wp:attachment":[{"href":"https:\/\/pf.annen.ch\/en\/wp-json\/wp\/v2\/media?parent=2821"}],"curies":[{"name":"wp","href":"https:\/\/api.w.org\/{rel}","templated":true}]}}