{"id":2925,"date":"2021-07-10T20:49:15","date_gmt":"2021-07-10T18:49:15","guid":{"rendered":"http:\/\/progress-foundation.nexline.ch\/?page_id=2925"},"modified":"2021-07-10T20:49:15","modified_gmt":"2021-07-10T18:49:15","slug":"oswald-oelz","status":"publish","type":"page","link":"https:\/\/pf.annen.ch\/en\/personen\/oswald-oelz\/","title":{"rendered":"Oswald Oelz"},"content":{"rendered":"<p><em>Medizinische Klinik, Stadtspital Triemli, Z\u00fcrich<\/em><\/p>\n<p><strong>BEITR\u00c4GE F\u00dcR DIE PROGRESS FOUNDATION<\/strong><\/p>\n<p><strong>Buchbeitr\u00e4ge:<\/strong><\/p>\n<p><a href=\"https:\/\/pf.annen.ch\/publikationen\/buecher\/der-liberalismus-eine-zeitlose-idee\/\">Der Liberalismus \u2013 eine zeitlose Idee<\/a>? (Olzog Verlag GmbH)<br \/>\n<a href=\"https:\/\/pf.annen.ch\/publikationen\/buecher\/vertrauen-anker-einer-freiheitlichen-ordnung\/\">Vertrauen \u2013 Anker einer freiheitlichen Ordnung<\/a> (NZZ Verlag) <\/p>\n","protected":false},"excerpt":{"rendered":"<p>Medizinische Klinik, Stadtspital Triemli, Z\u00fcrich BEITR\u00c4GE F\u00dcR DIE PROGRESS FOUNDATION Buchbeitr\u00e4ge: Der Liberalismus \u2013 eine zeitlose Idee? (Olzog Verlag GmbH) Vertrauen \u2013 Anker einer freiheitlichen Ordnung (NZZ Verlag)<\/p>\n","protected":false},"author":1,"featured_media":0,"parent":991,"menu_order":0,"comment_status":"closed","ping_status":"closed","template":"","meta":{"neve_meta_sidebar":"full-width","neve_meta_container":"","neve_meta_enable_content_width":"on","neve_meta_content_width":100,"neve_meta_title_alignment":"","neve_meta_author_avatar":"","neve_post_elements_order":"","neve_meta_disable_header":"","neve_meta_disable_footer":"","neve_meta_disable_title":"","footnotes":"","_links_to":"","_links_to_target":""},"_links":{"self":[{"href":"https:\/\/pf.annen.ch\/en\/wp-json\/wp\/v2\/pages\/2925"}],"collection":[{"href":"https:\/\/pf.annen.ch\/en\/wp-json\/wp\/v2\/pages"}],"about":[{"href":"https:\/\/pf.annen.ch\/en\/wp-json\/wp\/v2\/types\/page"}],"author":[{"embeddable":true,"href":"https:\/\/pf.annen.ch\/en\/wp-json\/wp\/v2\/users\/1"}],"replies":[{"embeddable":true,"href":"https:\/\/pf.annen.ch\/en\/wp-json\/wp\/v2\/comments?post=2925"}],"version-history":[{"count":1,"href":"https:\/\/pf.annen.ch\/en\/wp-json\/wp\/v2\/pages\/2925\/revisions"}],"predecessor-version":[{"id":2926,"href":"https:\/\/pf.annen.ch\/en\/wp-json\/wp\/v2\/pages\/2925\/revisions\/2926"}],"up":[{"embeddable":true,"href":"https:\/\/pf.annen.ch\/en\/wp-json\/wp\/v2\/pages\/991"}],"wp:attachment":[{"href":"https:\/\/pf.annen.ch\/en\/wp-json\/wp\/v2\/media?parent=2925"}],"curies":[{"name":"wp","href":"https:\/\/api.w.org\/{rel}","templated":true}]}}