{"id":3096,"date":"2021-07-11T12:18:02","date_gmt":"2021-07-11T10:18:02","guid":{"rendered":"http:\/\/progress-foundation.nexline.ch\/?page_id=3096"},"modified":"2021-07-11T12:18:02","modified_gmt":"2021-07-11T10:18:02","slug":"pascal-salin","status":"publish","type":"page","link":"https:\/\/pf.annen.ch\/en\/personen\/pascal-salin\/","title":{"rendered":"Pascal Salin"},"content":{"rendered":"<p><strong>BEITR\u00c4GE F\u00dcR DIE PROGRESS FOUNDATION<\/strong><\/p>\n<p><strong>Buchbeitr\u00e4ge:<\/strong><\/p>\n<p><a href=\"https:\/\/pf.annen.ch\/publikationen\/buecher\/europe-switzerland-and-the-future-of-freedom\/\">Europe, Switzerland and the Future of Freedom<\/a> (IBL Libri) <\/p>\n","protected":false},"excerpt":{"rendered":"<p>BEITR\u00c4GE F\u00dcR DIE PROGRESS FOUNDATION Buchbeitr\u00e4ge: Europe, Switzerland and the Future of Freedom (IBL Libri)<\/p>\n","protected":false},"author":1,"featured_media":0,"parent":991,"menu_order":0,"comment_status":"closed","ping_status":"closed","template":"","meta":{"neve_meta_sidebar":"full-width","neve_meta_container":"","neve_meta_enable_content_width":"on","neve_meta_content_width":100,"neve_meta_title_alignment":"","neve_meta_author_avatar":"","neve_post_elements_order":"","neve_meta_disable_header":"","neve_meta_disable_footer":"","neve_meta_disable_title":"","footnotes":"","_links_to":"","_links_to_target":""},"_links":{"self":[{"href":"https:\/\/pf.annen.ch\/en\/wp-json\/wp\/v2\/pages\/3096"}],"collection":[{"href":"https:\/\/pf.annen.ch\/en\/wp-json\/wp\/v2\/pages"}],"about":[{"href":"https:\/\/pf.annen.ch\/en\/wp-json\/wp\/v2\/types\/page"}],"author":[{"embeddable":true,"href":"https:\/\/pf.annen.ch\/en\/wp-json\/wp\/v2\/users\/1"}],"replies":[{"embeddable":true,"href":"https:\/\/pf.annen.ch\/en\/wp-json\/wp\/v2\/comments?post=3096"}],"version-history":[{"count":1,"href":"https:\/\/pf.annen.ch\/en\/wp-json\/wp\/v2\/pages\/3096\/revisions"}],"predecessor-version":[{"id":3097,"href":"https:\/\/pf.annen.ch\/en\/wp-json\/wp\/v2\/pages\/3096\/revisions\/3097"}],"up":[{"embeddable":true,"href":"https:\/\/pf.annen.ch\/en\/wp-json\/wp\/v2\/pages\/991"}],"wp:attachment":[{"href":"https:\/\/pf.annen.ch\/en\/wp-json\/wp\/v2\/media?parent=3096"}],"curies":[{"name":"wp","href":"https:\/\/api.w.org\/{rel}","templated":true}]}}