{"id":3143,"date":"2021-07-11T14:02:07","date_gmt":"2021-07-11T12:02:07","guid":{"rendered":"http:\/\/progress-foundation.nexline.ch\/?page_id=3143"},"modified":"2021-07-11T14:14:43","modified_gmt":"2021-07-11T12:14:43","slug":"urs-schoettli","status":"publish","type":"page","link":"https:\/\/pf.annen.ch\/en\/personen\/urs-schoettli\/","title":{"rendered":"Urs Schoettli"},"content":{"rendered":"<p><em>Journalist und Publizist, Asien-Experte<\/em><\/p>\n<p><img loading=\"lazy\" decoding=\"async\" src=\"https:\/\/pf.annen.ch\/wp-content\/uploads\/2021\/07\/urs_schoettli_150x150.jpg\" alt=\"\" width=\"150\" height=\"150\" class=\"alignnone size-full wp-image-3152\" \/><\/p>\n<p><strong>Curriculum Vitae:<\/strong><\/p>\n<p>Urs Schoettli, geboren 1948, studierte an der Universit\u00e4t Basel Philosophie. Von 1978 bis 1991 war er Generalsekret\u00e4r und sp\u00e4ter Gesch\u00e4ftsfu\u0308hrender Vizepr\u00e4sident der Liberalen Internationalen in London. Von 1983 bis 1989 war er als Su\u0308dasienkorrespondent der NZZ in Delhi t\u00e4tig, und von 1990 bis 1995 war er Repr\u00e4sentant der deutschen Friedrich-Naumann-Stiftung in Spanien und Portugal. Ebenfalls bet\u00e4tigte er sich von 1993 bis 1995 als ehrenamtlicher Sekret\u00e4r der Grosseuropakommission. 1996 kehrte er zur \u00abNZZ\u00bb zuru\u0308ck und war bis 2012 Korrespondent in Hongkong, Tokio und Peking. Seit 2012 arbeitet er als unabh\u00e4ngiger Publizist und Asienberater.<\/p>\n<p><strong>BEITR\u00c4GE F\u00dcR DIE PROGRESS FOUNDATION<\/strong><\/p>\n<p><strong>Buchbeitr\u00e4ge:<\/strong><\/p>\n<p><a href=\"https:\/\/pf.annen.ch\/publikationen\/buecher\/der-liberalismus-eine-zeitlose-idee\/\">Der Liberalismus \u2013 eine zeitlose Idee<\/a> (Olzog Verlag GmbH)<br \/>\n<a href=\"https:\/\/pf.annen.ch\/publikationen\/buecher\/stadtstaat-utopie-oder-realistisches-modell\/\">Stadtstaat \u2013 Utopie oder realistisches Modell?<\/a> (NZZ Verlag)<br \/>\n<a href=\"https:\/\/pf.annen.ch\/publikationen\/buecher\/vertrauen-anker-einer-freiheitlichen-ordnung\/\">Vertrauen \u2013 Anker einer freiheitlichen Ordnung<\/a> (NZZ Verlag)<br \/>\n<a href=\"https:\/\/pf.annen.ch\/publikationen\/buecher\/europe-switzerland-and-the-future-of-freedom\/\">Europe, Switzerland and the Future of Freedom<\/a> (IBL Libri)<br \/>\n<a href=\"https:\/\/pf.annen.ch\/publikationen\/buecher\/kleinstaat-schweiz-auslauf-oder-erfolgsmodell\/\">Kleinstaat Schweiz \u2013 Auslauf- oder Erfolgsmodell?<\/a> (NZZ Libro) <\/p>\n","protected":false},"excerpt":{"rendered":"<p>Journalist und Publizist, Asien-Experte Curriculum Vitae: Urs Schoettli, geboren 1948, studierte an der Universit\u00e4t Basel Philosophie. Von 1978 bis 1991 war er Generalsekret\u00e4r und sp\u00e4ter Gesch\u00e4ftsfu\u0308hrender Vizepr\u00e4sident der Liberalen Internationalen in London. Von 1983 bis 1989 war er als Su\u0308dasienkorrespondent der NZZ in Delhi t\u00e4tig, und von 1990 bis 1995 war er Repr\u00e4sentant der deutschen&hellip;&nbsp;<a href=\"https:\/\/pf.annen.ch\/en\/personen\/urs-schoettli\/\" class=\"\" rel=\"bookmark\">Read More &raquo;<span class=\"screen-reader-text\">Urs Schoettli<\/span><\/a><\/p>\n","protected":false},"author":1,"featured_media":0,"parent":991,"menu_order":0,"comment_status":"closed","ping_status":"closed","template":"","meta":{"neve_meta_sidebar":"full-width","neve_meta_container":"","neve_meta_enable_content_width":"on","neve_meta_content_width":100,"neve_meta_title_alignment":"","neve_meta_author_avatar":"","neve_post_elements_order":"","neve_meta_disable_header":"","neve_meta_disable_footer":"","neve_meta_disable_title":"","footnotes":"","_links_to":"","_links_to_target":""},"_links":{"self":[{"href":"https:\/\/pf.annen.ch\/en\/wp-json\/wp\/v2\/pages\/3143"}],"collection":[{"href":"https:\/\/pf.annen.ch\/en\/wp-json\/wp\/v2\/pages"}],"about":[{"href":"https:\/\/pf.annen.ch\/en\/wp-json\/wp\/v2\/types\/page"}],"author":[{"embeddable":true,"href":"https:\/\/pf.annen.ch\/en\/wp-json\/wp\/v2\/users\/1"}],"replies":[{"embeddable":true,"href":"https:\/\/pf.annen.ch\/en\/wp-json\/wp\/v2\/comments?post=3143"}],"version-history":[{"count":4,"href":"https:\/\/pf.annen.ch\/en\/wp-json\/wp\/v2\/pages\/3143\/revisions"}],"predecessor-version":[{"id":3155,"href":"https:\/\/pf.annen.ch\/en\/wp-json\/wp\/v2\/pages\/3143\/revisions\/3155"}],"up":[{"embeddable":true,"href":"https:\/\/pf.annen.ch\/en\/wp-json\/wp\/v2\/pages\/991"}],"wp:attachment":[{"href":"https:\/\/pf.annen.ch\/en\/wp-json\/wp\/v2\/media?parent=3143"}],"curies":[{"name":"wp","href":"https:\/\/api.w.org\/{rel}","templated":true}]}}