{"id":3191,"date":"2021-07-11T15:06:35","date_gmt":"2021-07-11T13:06:35","guid":{"rendered":"http:\/\/progress-foundation.nexline.ch\/?page_id=3191"},"modified":"2021-07-11T15:25:18","modified_gmt":"2021-07-11T13:25:18","slug":"rainer-j-schweizer","status":"publish","type":"page","link":"https:\/\/pf.annen.ch\/en\/personen\/rainer-j-schweizer\/","title":{"rendered":"Rainer J. Schweizer"},"content":{"rendered":"<p><em>Universit\u00e4t St. Gallen<\/em><\/p>\n<p><img loading=\"lazy\" decoding=\"async\" src=\"https:\/\/pf.annen.ch\/wp-content\/uploads\/2021\/07\/rainer_j_schweizer_150x150.jpg\" alt=\"\" width=\"150\" height=\"150\" class=\"alignnone size-full wp-image-3210\" \/><\/p>\n<p><strong>BEITR\u00c4GE F\u00dcR DIE PROGRESS FOUNDATION<\/strong><\/p>\n<p><strong>Buchbeitr\u00e4ge:<\/strong><\/p>\n<p><a href=\"https:\/\/pf.annen.ch\/publikationen\/buecher\/das-recht-auf-sich-selbst\/\">Das Recht auf sich selbst<\/a> (NZZ Verlag)<br \/>\n<a href=\"https:\/\/pf.annen.ch\/publikationen\/buecher\/stadtstaat-utopie-oder-realistisches-modell\/\">Stadtstaat \u2013 Utopie oder realistisches Modell?<\/a> (NZZ Verlag)<br \/>\n<a href=\"https:\/\/pf.annen.ch\/publikationen\/buecher\/europe-switzerland-and-the-future-of-freedom\/\">Europe, Switzerland and the Future of Freedom<\/a> (IBL Libri)<br \/>\n<a href=\"https:\/\/pf.annen.ch\/publikationen\/buecher\/kleinstaat-schweiz-auslauf-oder-erfolgsmodell\/\">Kleinstaat Schweiz \u2013 Auslauf- oder Erfolgsmodell?<\/a>  (NZZ Libro) <\/p>\n<p><strong>Referate:<\/strong><\/p>\n<p><a href=\"https:\/\/pf.annen.ch\/2001\/11\/29\/privacy-selbstbestimmung-in-der-transparenten-gesellschaft\/\">Privacy: Selbstbestimmung in der transparenten Gesellschaft<\/a>  (29.11.2001) <\/p>\n","protected":false},"excerpt":{"rendered":"<p>Universit\u00e4t St. Gallen BEITR\u00c4GE F\u00dcR DIE PROGRESS FOUNDATION Buchbeitr\u00e4ge: Das Recht auf sich selbst (NZZ Verlag) Stadtstaat \u2013 Utopie oder realistisches Modell? (NZZ Verlag) Europe, Switzerland and the Future of Freedom (IBL Libri) Kleinstaat Schweiz \u2013 Auslauf- oder Erfolgsmodell? (NZZ Libro) Referate: Privacy: Selbstbestimmung in der transparenten Gesellschaft (29.11.2001)<\/p>\n","protected":false},"author":1,"featured_media":0,"parent":991,"menu_order":0,"comment_status":"closed","ping_status":"closed","template":"","meta":{"neve_meta_sidebar":"full-width","neve_meta_container":"","neve_meta_enable_content_width":"on","neve_meta_content_width":100,"neve_meta_title_alignment":"","neve_meta_author_avatar":"","neve_post_elements_order":"","neve_meta_disable_header":"","neve_meta_disable_footer":"","neve_meta_disable_title":"","footnotes":"","_links_to":"","_links_to_target":""},"_links":{"self":[{"href":"https:\/\/pf.annen.ch\/en\/wp-json\/wp\/v2\/pages\/3191"}],"collection":[{"href":"https:\/\/pf.annen.ch\/en\/wp-json\/wp\/v2\/pages"}],"about":[{"href":"https:\/\/pf.annen.ch\/en\/wp-json\/wp\/v2\/types\/page"}],"author":[{"embeddable":true,"href":"https:\/\/pf.annen.ch\/en\/wp-json\/wp\/v2\/users\/1"}],"replies":[{"embeddable":true,"href":"https:\/\/pf.annen.ch\/en\/wp-json\/wp\/v2\/comments?post=3191"}],"version-history":[{"count":4,"href":"https:\/\/pf.annen.ch\/en\/wp-json\/wp\/v2\/pages\/3191\/revisions"}],"predecessor-version":[{"id":3212,"href":"https:\/\/pf.annen.ch\/en\/wp-json\/wp\/v2\/pages\/3191\/revisions\/3212"}],"up":[{"embeddable":true,"href":"https:\/\/pf.annen.ch\/en\/wp-json\/wp\/v2\/pages\/991"}],"wp:attachment":[{"href":"https:\/\/pf.annen.ch\/en\/wp-json\/wp\/v2\/media?parent=3191"}],"curies":[{"name":"wp","href":"https:\/\/api.w.org\/{rel}","templated":true}]}}