{"id":3399,"date":"2021-07-11T19:38:47","date_gmt":"2021-07-11T17:38:47","guid":{"rendered":"http:\/\/progress-foundation.nexline.ch\/?page_id=3399"},"modified":"2021-07-13T02:12:15","modified_gmt":"2021-07-13T00:12:15","slug":"r-james-woolsey","status":"publish","type":"page","link":"https:\/\/pf.annen.ch\/en\/personen\/r-james-woolsey\/","title":{"rendered":"R. James Woolsey"},"content":{"rendered":"<p><em>Booz Allen Hamilton Inc., Maryland<\/em><\/p>\n<p><strong>BEITR\u00c4GE F\u00dcR DIE PROGRESS FOUNDATION<\/strong><\/p>\n<p><strong>Buchbeitr\u00e4ge:<\/strong><\/p>\n<p><a href=\"https:\/\/pf.annen.ch\/publikationen\/buecher\/der-westen-was-sonst\/\">Der Westen &#8211; was sonst?<\/a> (NZZ Verlag) <\/p>\n<p><strong>Referate:<\/strong><\/p>\n<p><a href=\"https:\/\/pf.annen.ch\/2004\/03\/11\/the-long-war-of-the-21th-century\/\">The Long War of the 21th Century<\/a> (11.03.2004) <\/p>\n","protected":false},"excerpt":{"rendered":"<p>Booz Allen Hamilton Inc., Maryland BEITR\u00c4GE F\u00dcR DIE PROGRESS FOUNDATION Buchbeitr\u00e4ge: Der Westen &#8211; was sonst? (NZZ Verlag) Referate: The Long War of the 21th Century (11.03.2004)<\/p>\n","protected":false},"author":1,"featured_media":0,"parent":991,"menu_order":0,"comment_status":"closed","ping_status":"closed","template":"","meta":{"neve_meta_sidebar":"full-width","neve_meta_container":"","neve_meta_enable_content_width":"on","neve_meta_content_width":100,"neve_meta_title_alignment":"","neve_meta_author_avatar":"","neve_post_elements_order":"","neve_meta_disable_header":"","neve_meta_disable_footer":"","neve_meta_disable_title":"","footnotes":"","_links_to":"","_links_to_target":""},"_links":{"self":[{"href":"https:\/\/pf.annen.ch\/en\/wp-json\/wp\/v2\/pages\/3399"}],"collection":[{"href":"https:\/\/pf.annen.ch\/en\/wp-json\/wp\/v2\/pages"}],"about":[{"href":"https:\/\/pf.annen.ch\/en\/wp-json\/wp\/v2\/types\/page"}],"author":[{"embeddable":true,"href":"https:\/\/pf.annen.ch\/en\/wp-json\/wp\/v2\/users\/1"}],"replies":[{"embeddable":true,"href":"https:\/\/pf.annen.ch\/en\/wp-json\/wp\/v2\/comments?post=3399"}],"version-history":[{"count":2,"href":"https:\/\/pf.annen.ch\/en\/wp-json\/wp\/v2\/pages\/3399\/revisions"}],"predecessor-version":[{"id":3801,"href":"https:\/\/pf.annen.ch\/en\/wp-json\/wp\/v2\/pages\/3399\/revisions\/3801"}],"up":[{"embeddable":true,"href":"https:\/\/pf.annen.ch\/en\/wp-json\/wp\/v2\/pages\/991"}],"wp:attachment":[{"href":"https:\/\/pf.annen.ch\/en\/wp-json\/wp\/v2\/media?parent=3399"}],"curies":[{"name":"wp","href":"https:\/\/api.w.org\/{rel}","templated":true}]}}