{"id":343,"date":"2021-05-21T15:31:58","date_gmt":"2021-05-21T13:31:58","guid":{"rendered":"http:\/\/progress-foundation.nexline.ch\/?page_id=343"},"modified":"2021-07-11T12:10:04","modified_gmt":"2021-07-11T10:10:04","slug":"peter-ruch","status":"publish","type":"page","link":"https:\/\/pf.annen.ch\/en\/personen\/peter-ruch\/","title":{"rendered":"Peter Ruch"},"content":{"rendered":"<p><em>Pfarrer, K\u00fcssnacht am Rigi<\/em><\/p>\n<p><img loading=\"lazy\" decoding=\"async\" src=\"https:\/\/pf.annen.ch\/wp-content\/uploads\/2021\/07\/peter_ruch_150x150.jpg\" alt=\"\" width=\"150\" height=\"150\" class=\"alignnone size-full wp-image-1005\" \/><\/p>\n<p><strong>BEITR\u00c4GE F\u00dcR DIE PROGRESS FOUNDATION<\/strong><\/p>\n<p><strong>Buchbeitr\u00e4ge:<\/strong><br \/>\n<a href=\"https:\/\/pf.annen.ch\/publikationen\/buecher\/der-liberalismus-eine-zeitlose-idee\/\">Der Liberalismus \u2013 eine zeitlose Idee<\/a> (Olzog Verlag GmbH)<br \/>\n<a href=\"https:\/\/pf.annen.ch\/publikationen\/buecher\/europe-switzerland-and-the-future-of-freedom\/\">Europe, Switzerland and the Future of Freedom<\/a> (IBL Libri)<br \/>\n<a href=\"https:\/\/pf.annen.ch\/publikationen\/buecher\/reden-und-reden-lassen\/\">Reden und reden lassen<\/a>  (NZZ Libro) <\/p>\n<p><strong>WEITERE BEITR\u00c4GE VON UND \u00dcBER PETER RUCH<\/strong><\/p>\n<p><a href=\"https:\/\/pf.annen.ch\/2000\/09\/01\/die-kehrseite-der-verordneten-solidaritaet\/\">Die Kehrseite der verordneten Solidarit\u00e4t<\/a>, Schweizer Monatshefte, September 2000<br \/>\nTragf\u00e4hige Solidarit\u00e4t (PDF), Buch: Eigenst\u00e4ndig &#8211; die Schweiz als Sonderfall <\/p>\n<p><strong>WEBSITE<\/strong><\/p>\n<p><i class=\"fa fa-external-link\" aria-hidden=\"true\"><\/i> <a href=\"https:\/\/www.ruch-peter.ch\">https:\/\/www.ruch-peter.ch<\/a><\/p>\n","protected":false},"excerpt":{"rendered":"<p>Pfarrer, K\u00fcssnacht am Rigi BEITR\u00c4GE F\u00dcR DIE PROGRESS FOUNDATION Buchbeitr\u00e4ge: Der Liberalismus \u2013 eine zeitlose Idee (Olzog Verlag GmbH) Europe, Switzerland and the Future of Freedom (IBL Libri) Reden und reden lassen (NZZ Libro) WEITERE BEITR\u00c4GE VON UND \u00dcBER PETER RUCH Die Kehrseite der verordneten Solidarit\u00e4t, Schweizer Monatshefte, September 2000 Tragf\u00e4hige Solidarit\u00e4t (PDF), Buch: Eigenst\u00e4ndig&hellip;&nbsp;<a href=\"https:\/\/pf.annen.ch\/en\/personen\/peter-ruch\/\" class=\"\" rel=\"bookmark\">Read More &raquo;<span class=\"screen-reader-text\">Peter Ruch<\/span><\/a><\/p>\n","protected":false},"author":1,"featured_media":0,"parent":991,"menu_order":0,"comment_status":"closed","ping_status":"closed","template":"","meta":{"neve_meta_sidebar":"full-width","neve_meta_container":"","neve_meta_enable_content_width":"on","neve_meta_content_width":100,"neve_meta_title_alignment":"","neve_meta_author_avatar":"","neve_post_elements_order":"","neve_meta_disable_header":"","neve_meta_disable_footer":"","neve_meta_disable_title":"","footnotes":"","_links_to":"","_links_to_target":""},"_links":{"self":[{"href":"https:\/\/pf.annen.ch\/en\/wp-json\/wp\/v2\/pages\/343"}],"collection":[{"href":"https:\/\/pf.annen.ch\/en\/wp-json\/wp\/v2\/pages"}],"about":[{"href":"https:\/\/pf.annen.ch\/en\/wp-json\/wp\/v2\/types\/page"}],"author":[{"embeddable":true,"href":"https:\/\/pf.annen.ch\/en\/wp-json\/wp\/v2\/users\/1"}],"replies":[{"embeddable":true,"href":"https:\/\/pf.annen.ch\/en\/wp-json\/wp\/v2\/comments?post=343"}],"version-history":[{"count":5,"href":"https:\/\/pf.annen.ch\/en\/wp-json\/wp\/v2\/pages\/343\/revisions"}],"predecessor-version":[{"id":3085,"href":"https:\/\/pf.annen.ch\/en\/wp-json\/wp\/v2\/pages\/343\/revisions\/3085"}],"up":[{"embeddable":true,"href":"https:\/\/pf.annen.ch\/en\/wp-json\/wp\/v2\/pages\/991"}],"wp:attachment":[{"href":"https:\/\/pf.annen.ch\/en\/wp-json\/wp\/v2\/media?parent=343"}],"curies":[{"name":"wp","href":"https:\/\/api.w.org\/{rel}","templated":true}]}}