{"id":4027,"date":"2021-07-14T14:19:30","date_gmt":"2021-07-14T12:19:30","guid":{"rendered":"http:\/\/progress-foundation.nexline.ch\/?page_id=4027"},"modified":"2021-07-14T14:23:32","modified_gmt":"2021-07-14T12:23:32","slug":"karl-heinz-paque","status":"publish","type":"page","link":"https:\/\/pf.annen.ch\/en\/personen\/karl-heinz-paque\/","title":{"rendered":"Karl-Heinz Paqu\u00e9"},"content":{"rendered":"<p><em>Dekan und Inhaber des Lehrstuhls f\u00fcr Volkswirtschaftslehre<br \/>\nOtto-von-Guericke-Universit\u00e4t Magdeburg<\/em><\/p>\n<p><img loading=\"lazy\" decoding=\"async\" src=\"https:\/\/pf.annen.ch\/wp-content\/uploads\/2021\/07\/karl-heinz_paque_150x150.jpg\" alt=\"\" width=\"150\" height=\"150\" class=\"alignnone size-full wp-image-4029\" \/><\/p>\n<p><strong>Curriculum Vitae:<\/strong><\/p>\n<p>Karl-Heinz Paqu\u00e9 studierte 1975 bis 1980 Volkswirtschaftslehre an den Universit\u00e4ten Saarbr\u00fccken und Kiel sowie der University of British Columbia (Vancouver, Kanada). Nach einem Forschungsaufenthalt am Center for Study of Public Choice (Virginia, USA) sowie Promotion an der Universit\u00e4t Kiel war er 1991 bis 1996 Wissenschaftlicher Direktor und Professor am Institut f\u00fcr Weltwirtschaft in Kiel. Nach der Habilitation \u00fcbernahm er 1996 den Lehrstuhl f\u00fcr Volkswirtschaftslehre, insbes. Internationale Wirtschaft, an der Otto-von-Guericke-Universit\u00e4t Magdeburg.<\/p>\n<p>Von 2002 bis 2006 war er Finanzminister des Landes Sachsen-Anhalt, von 2006 bis 2008 Vorsitzender der FDP-Fraktion im dortigen Landtag. Er kehrte 2008 auf seinen Lehrstuhl zur\u00fcck und ist seit 2010 Dekan der Fakult\u00e4t f\u00fcr Wirtschaftswissenschaft. Schwerpunkte seiner Lehre und Forschung liegen auf den internationalen Wirtschaftsbeziehungen sowie dem Wachstum und Strukturwandel der deutschen Wirtschaft, besonders jenem der neuen L\u00e4nder. Daneben besch\u00e4ftigen ihn der Dritte Sektor und die Zivilgesellschaft.<\/p>\n<p>Er war Mitglied zweier Enquete-Kommissionen des Deutschen Bundestags: 1999-2002 zur Globalisierung der Weltwirtschaft, von 2011-13 zu Wachstum, Wohlstand, Lebensqualit\u00e4t. Er ist u.a. Mitglied des Konvents f\u00fcr Deutschland, der Atlantikbr\u00fccke und der Europ\u00e4ischen Akademie der Wissenschaften und K\u00fcnste. Er war von 2003 bis 2007 und ist wieder seit 2013 Mitglied im Bundesvorstand der FDP. Seit 2014 ist er stellv. Vorstandsvorsitzender der Friedrich-Naumann-Stiftung f\u00fcr die Freiheit. Er ist Vorstandsvorsitzender der Herbert Giersch Stiftung und Vorsitzender des Wissenschaftlichen Beirats von Agenda Austria. J\u00fcngste Buchver\u00f6ffentlichungen: Die Bilanz. Eine wirtschaftliche Analyse der Deutschen Einheit (2009), Wachstum. Die Zukunft des globalen Kapitalismus (2010) und Vollbesch\u00e4ftigt. Das neue deutsche Jobwunder (2012).<\/p>\n<p><strong>BEITR\u00c4GE F\u00dcR DIE PROGRESS FOUNDATION<\/strong><\/p>\n<p><strong>Referate:<\/strong><\/p>\n<p><a href=\"https:\/\/pf.annen.ch\/2015\/06\/11\/gibt-es-doch-gesetze-des-kapitalismus-oder-andere-gesetze-die-man-noch-nicht-entdeckt-hat\/\">Gibt es doch Gesetze des Kapitalismus oder andere Gesetze, die man noch nicht entdeckt hat?<\/a>  (11.06.2015) <\/p>\n","protected":false},"excerpt":{"rendered":"<p>Dekan und Inhaber des Lehrstuhls f\u00fcr Volkswirtschaftslehre Otto-von-Guericke-Universit\u00e4t Magdeburg Curriculum Vitae: Karl-Heinz Paqu\u00e9 studierte 1975 bis 1980 Volkswirtschaftslehre an den Universit\u00e4ten Saarbr\u00fccken und Kiel sowie der University of British Columbia (Vancouver, Kanada). Nach einem Forschungsaufenthalt am Center for Study of Public Choice (Virginia, USA) sowie Promotion an der Universit\u00e4t Kiel war er 1991 bis 1996&hellip;&nbsp;<a href=\"https:\/\/pf.annen.ch\/en\/personen\/karl-heinz-paque\/\" class=\"\" rel=\"bookmark\">Read More &raquo;<span class=\"screen-reader-text\">Karl-Heinz Paqu\u00e9<\/span><\/a><\/p>\n","protected":false},"author":1,"featured_media":0,"parent":991,"menu_order":0,"comment_status":"closed","ping_status":"closed","template":"","meta":{"neve_meta_sidebar":"full-width","neve_meta_container":"","neve_meta_enable_content_width":"on","neve_meta_content_width":100,"neve_meta_title_alignment":"","neve_meta_author_avatar":"","neve_post_elements_order":"","neve_meta_disable_header":"","neve_meta_disable_footer":"","neve_meta_disable_title":"","footnotes":"","_links_to":"","_links_to_target":""},"_links":{"self":[{"href":"https:\/\/pf.annen.ch\/en\/wp-json\/wp\/v2\/pages\/4027"}],"collection":[{"href":"https:\/\/pf.annen.ch\/en\/wp-json\/wp\/v2\/pages"}],"about":[{"href":"https:\/\/pf.annen.ch\/en\/wp-json\/wp\/v2\/types\/page"}],"author":[{"embeddable":true,"href":"https:\/\/pf.annen.ch\/en\/wp-json\/wp\/v2\/users\/1"}],"replies":[{"embeddable":true,"href":"https:\/\/pf.annen.ch\/en\/wp-json\/wp\/v2\/comments?post=4027"}],"version-history":[{"count":2,"href":"https:\/\/pf.annen.ch\/en\/wp-json\/wp\/v2\/pages\/4027\/revisions"}],"predecessor-version":[{"id":4031,"href":"https:\/\/pf.annen.ch\/en\/wp-json\/wp\/v2\/pages\/4027\/revisions\/4031"}],"up":[{"embeddable":true,"href":"https:\/\/pf.annen.ch\/en\/wp-json\/wp\/v2\/pages\/991"}],"wp:attachment":[{"href":"https:\/\/pf.annen.ch\/en\/wp-json\/wp\/v2\/media?parent=4027"}],"curies":[{"name":"wp","href":"https:\/\/api.w.org\/{rel}","templated":true}]}}