{"id":4253,"date":"2021-07-15T01:17:42","date_gmt":"2021-07-14T23:17:42","guid":{"rendered":"http:\/\/progress-foundation.nexline.ch\/?page_id=4253"},"modified":"2021-07-15T01:17:42","modified_gmt":"2021-07-14T23:17:42","slug":"josef-h-reichholf","status":"publish","type":"page","link":"https:\/\/pf.annen.ch\/en\/personen\/josef-h-reichholf\/","title":{"rendered":"Josef H. Reichholf"},"content":{"rendered":"<p><em>Institut Zoologische Staatssammlung, M\u00fcnchen<\/em><\/p>\n<p><strong>BEITR\u00c4GE F\u00dcR DIE PROGRESS FOUNDATION<\/strong><\/p>\n<p><strong>Referate:<\/strong><\/p>\n<p><a href=\"https:\/\/pf.annen.ch\/2008\/09\/30\/die-klima-hysterie-und-die-verlaesslichkeit-von-prognosen\/\">Die Klima-Hysterie und die Verl\u00e4sslichkeit von Prognosen<\/a> (30.09.2008) <\/p>\n","protected":false},"excerpt":{"rendered":"<p>Institut Zoologische Staatssammlung, M\u00fcnchen BEITR\u00c4GE F\u00dcR DIE PROGRESS FOUNDATION Referate: Die Klima-Hysterie und die Verl\u00e4sslichkeit von Prognosen (30.09.2008)<\/p>\n","protected":false},"author":1,"featured_media":0,"parent":991,"menu_order":0,"comment_status":"closed","ping_status":"closed","template":"","meta":{"neve_meta_sidebar":"full-width","neve_meta_container":"","neve_meta_enable_content_width":"on","neve_meta_content_width":100,"neve_meta_title_alignment":"","neve_meta_author_avatar":"","neve_post_elements_order":"","neve_meta_disable_header":"","neve_meta_disable_footer":"","neve_meta_disable_title":"","footnotes":"","_links_to":"","_links_to_target":""},"_links":{"self":[{"href":"https:\/\/pf.annen.ch\/en\/wp-json\/wp\/v2\/pages\/4253"}],"collection":[{"href":"https:\/\/pf.annen.ch\/en\/wp-json\/wp\/v2\/pages"}],"about":[{"href":"https:\/\/pf.annen.ch\/en\/wp-json\/wp\/v2\/types\/page"}],"author":[{"embeddable":true,"href":"https:\/\/pf.annen.ch\/en\/wp-json\/wp\/v2\/users\/1"}],"replies":[{"embeddable":true,"href":"https:\/\/pf.annen.ch\/en\/wp-json\/wp\/v2\/comments?post=4253"}],"version-history":[{"count":1,"href":"https:\/\/pf.annen.ch\/en\/wp-json\/wp\/v2\/pages\/4253\/revisions"}],"predecessor-version":[{"id":4254,"href":"https:\/\/pf.annen.ch\/en\/wp-json\/wp\/v2\/pages\/4253\/revisions\/4254"}],"up":[{"embeddable":true,"href":"https:\/\/pf.annen.ch\/en\/wp-json\/wp\/v2\/pages\/991"}],"wp:attachment":[{"href":"https:\/\/pf.annen.ch\/en\/wp-json\/wp\/v2\/media?parent=4253"}],"curies":[{"name":"wp","href":"https:\/\/api.w.org\/{rel}","templated":true}]}}