{"id":4603,"date":"2021-07-17T17:38:41","date_gmt":"2021-07-17T15:38:41","guid":{"rendered":"http:\/\/progress-foundation.nexline.ch\/?page_id=4603"},"modified":"2021-07-17T17:38:41","modified_gmt":"2021-07-17T15:38:41","slug":"georg-rich","status":"publish","type":"page","link":"https:\/\/pf.annen.ch\/en\/personen\/georg-rich\/","title":{"rendered":"Georg Rich"},"content":{"rendered":"<p><em>Schweizerische Nationalbank, Z\u00fcrich<\/em><\/p>\n<p><strong>BEITR\u00c4GE F\u00dcR DIE PROGRESS FOUNDATION<\/strong><\/p>\n<p><strong>Referate:<\/strong><\/p>\n<p><a href=\"https:\/\/pf.annen.ch\/1984\/04\/27\/is-swiss-monetary-policy-really-monetarist\/\">Is Swiss Monetary Policy Really Monetarist?<\/a> (27.04.1984) <\/p>\n<p><strong>WEITERE BEITR\u00c4GE VON UND \u00dcBER GEORG RICH<\/strong><\/p>\n<p><a href=\"https:\/\/pf.annen.ch\/2014\/06\/04\/entstaatlichung-des-geldes\/\">Entstaatlichung des Geldes<\/a><br \/>\n<em>Neue Z\u00fcrcher Zeitung, 04.06.2014<\/em> <\/p>\n","protected":false},"excerpt":{"rendered":"<p>Schweizerische Nationalbank, Z\u00fcrich BEITR\u00c4GE F\u00dcR DIE PROGRESS FOUNDATION Referate: Is Swiss Monetary Policy Really Monetarist? (27.04.1984) WEITERE BEITR\u00c4GE VON UND \u00dcBER GEORG RICH Entstaatlichung des Geldes Neue Z\u00fcrcher Zeitung, 04.06.2014<\/p>\n","protected":false},"author":1,"featured_media":0,"parent":991,"menu_order":0,"comment_status":"closed","ping_status":"closed","template":"","meta":{"neve_meta_sidebar":"full-width","neve_meta_container":"","neve_meta_enable_content_width":"on","neve_meta_content_width":100,"neve_meta_title_alignment":"","neve_meta_author_avatar":"","neve_post_elements_order":"","neve_meta_disable_header":"","neve_meta_disable_footer":"","neve_meta_disable_title":"","footnotes":"","_links_to":"","_links_to_target":""},"_links":{"self":[{"href":"https:\/\/pf.annen.ch\/en\/wp-json\/wp\/v2\/pages\/4603"}],"collection":[{"href":"https:\/\/pf.annen.ch\/en\/wp-json\/wp\/v2\/pages"}],"about":[{"href":"https:\/\/pf.annen.ch\/en\/wp-json\/wp\/v2\/types\/page"}],"author":[{"embeddable":true,"href":"https:\/\/pf.annen.ch\/en\/wp-json\/wp\/v2\/users\/1"}],"replies":[{"embeddable":true,"href":"https:\/\/pf.annen.ch\/en\/wp-json\/wp\/v2\/comments?post=4603"}],"version-history":[{"count":1,"href":"https:\/\/pf.annen.ch\/en\/wp-json\/wp\/v2\/pages\/4603\/revisions"}],"predecessor-version":[{"id":4604,"href":"https:\/\/pf.annen.ch\/en\/wp-json\/wp\/v2\/pages\/4603\/revisions\/4604"}],"up":[{"embeddable":true,"href":"https:\/\/pf.annen.ch\/en\/wp-json\/wp\/v2\/pages\/991"}],"wp:attachment":[{"href":"https:\/\/pf.annen.ch\/en\/wp-json\/wp\/v2\/media?parent=4603"}],"curies":[{"name":"wp","href":"https:\/\/api.w.org\/{rel}","templated":true}]}}