{"id":746,"date":"2021-06-30T00:41:01","date_gmt":"2021-06-29T22:41:01","guid":{"rendered":"http:\/\/progress-foundation.nexline.ch\/?page_id=746"},"modified":"2021-07-14T13:41:40","modified_gmt":"2021-07-14T11:41:40","slug":"kleinstaat-schweiz-auslauf-oder-erfolgsmodell","status":"publish","type":"page","link":"https:\/\/pf.annen.ch\/en\/publikationen\/buecher\/kleinstaat-schweiz-auslauf-oder-erfolgsmodell\/","title":{"rendered":"Kleinstaat Schweiz \u2013 Auslauf- oder Erfolgsmodell?"},"content":{"rendered":"<h2>(2017)<\/h2>\n<p><img loading=\"lazy\" decoding=\"async\" style=\"border:1px solid black\" src=\"https:\/\/pf.annen.ch\/wp-content\/uploads\/2021\/06\/buch-kleinstaat_schweiz.jpg\" alt=\"\" width=\"445\" height=\"629\" class=\"alignnone size-full wp-image-747\" srcset=\"https:\/\/pf.annen.ch\/wp-content\/uploads\/2021\/06\/buch-kleinstaat_schweiz.jpg 445w, https:\/\/pf.annen.ch\/wp-content\/uploads\/2021\/06\/buch-kleinstaat_schweiz-212x300.jpg 212w\" sizes=\"(max-width: 445px) 100vw, 445px\" \/><\/p>\n<p>Was macht einen Kleinstaat aus? Welche Wege sind f\u00fcr einen Kleinstaat wie die Schweiz tats\u00e4chlich umsetzbar? Wie viel Eigenst\u00e4ndigkeit ist sinnvoll und m\u00f6glich? Was bedeutet es f\u00fcr die Schweiz, wenn Europa politisch kippt?<\/p>\n<p>In diesem Buch setzt sich die interdisziplin\u00e4re Autorenschaft mit dem Ph\u00e4nomen Kleinstaat auseinander, skizziert Denkanst\u00f6sse und L\u00f6sungsalternativen. Ein zwingender und dringender Beitrag zur aktuellen Positionierungsdebatte der Schweiz auf dem europ\u00e4ischen Kontinent und in der Welt.<\/p>\n<p><strong>Herausgeber:<\/strong><br \/>\n<a href=\"https:\/\/pf.annen.ch\/personen\/konrad-hummler\/\">Konrad Hummler<\/a><br \/>\n<a href=\"https:\/\/pf.annen.ch\/personen\/franz-jaeger\/\">Franz Jaeger<\/a><\/p>\n<p><strong>Weitere Autoren:<\/strong> <\/p>\n<div class=\"wc-shortcodes-row wc-shortcodes-item wc-shortcodes-clearfix\">\n<div class=\"wc-shortcodes-column wc-shortcodes-content wc-shortcodes-one-half wc-shortcodes-column-first \">\n<a href=\"https:\/\/pf.annen.ch\/personen\/carl-baudenbacher\/\">Carl Baudenbacher<\/a><br \/>\n<a href=\"https:\/\/pf.annen.ch\/personen\/thomas-bieger\/\">Thomas Bieger<\/a><br \/>\n<a href=\"https:\/\/pf.annen.ch\/personen\/mathias-binswanger\/\">Mathias Binswanger<\/a><br \/>\n<a href=\"https:\/\/pf.annen.ch\/personen\/micheline-calmy-rey\/\">Micheline Calmy-Rey<\/a><br \/>\n<a href=\"https:\/\/pf.annen.ch\/personen\/reiner-eichenberger\/\">Reiner Eichenberger<\/a><br \/>\n<a href=\"https:\/\/pf.annen.ch\/personen\/heinz-hauser\/\">Heinz Hauser<\/a><br \/>\n<a href=\"https:\/\/pf.annen.ch\/personen\/karen-horn\/\">Karen Horn<\/a><br \/>\n<a href=\"https:\/\/pf.annen.ch\/personen\/martin-janssen\/\">Martin Janssen<\/a><br \/>\n<a href=\"https:\/\/pf.annen.ch\/personen\/beat-kappeler\/\">Beat Kappeler<\/a><br \/>\n<a href=\"https:\/\/pf.annen.ch\/personen\/hermann-luebbe\/\">Hermann L\u00fcbbe<\/a><\/p>\n<\/div>\n<div class=\"wc-shortcodes-column wc-shortcodes-content wc-shortcodes-one-half wc-shortcodes-column-last \">\n<a href=\"https:\/\/pf.annen.ch\/personen\/daniel-j-mitchell\/\">Daniel J. Mitchell<\/a><br \/>\n<a href=\"https:\/\/pf.annen.ch\/personen\/robert-nef\/\">Robert Nef<\/a><br \/>\n<a href=\"https:\/\/pf.annen.ch\/personen\/christoph-schaltegger\/\">Christoph Schaltegger<\/a><br \/>\n<a href=\"https:\/\/pf.annen.ch\/personen\/urs-schoettli\/\">Urs Schoettli<\/a><br \/>\n<a href=\"https:\/\/pf.annen.ch\/personen\/gerhard-schwarz\/\">Gerhard Schwarz<\/a><br \/>\n<a href=\"https:\/\/pf.annen.ch\/personen\/rainer-j-schweizer\/\">Rainer J. Schweizer<\/a><br \/>\n<a href=\"https:\/\/pf.annen.ch\/personen\/hans-werner-sinn\/\">Hans-Werner Sinn<\/a><br \/>\n<a href=\"https:\/\/pf.annen.ch\/personen\/michael-wohlgemuth\/\">Michael Wohlgemuth<\/a><br \/>\n<a href=\"https:\/\/pf.annen.ch\/personen\/stefan-c-wolter\/\">Stefan C. Wolter<\/a>\n<\/div>\n<\/div>\n<p><strong>Verlag:<\/strong> NZZ Libro<br \/>\n<strong>Erscheinungsjahr:<\/strong> 2017<br \/>\n<strong>Preis:<\/strong> CHF 49.00<\/p>\n<p><i class=\"fa fa-shopping-cart\" aria-hidden=\"true\"><\/i>  <a href=\"https:\/\/www.nzz-libro.ch\/9783038102366\/kleinstaat-schweiz-auslauf-oder-erfolgsmodell\">Buch beim NZZ-Verlag online bestellen<\/a><\/p>\n<p><strong>IN DEN MEDIEN<\/strong><\/p>\n<p><i class=\"fa fa-file-pdf-o\" aria-hidden=\"true\"><\/i> <a href=\"https:\/\/pf.annen.ch\/wp-content\/uploads\/2021\/07\/Thema-Vorarlberg.pdf\">Die Schweiz Schweiz sein lassen<\/a><br \/>\n<em>Gerhard Schwarz, Thema Vorarlberg, 07.10.2017<\/em><\/p>\n<p><i class=\"fa fa-file-pdf-o\" aria-hidden=\"true\"><\/i> <a href=\"https:\/\/pf.annen.ch\/wp-content\/uploads\/2017\/07\/BAZ01_1608_THE01.pdf\">Alle gewinnen, wenn die Schweiz die Schweiz bleibt<\/a><br \/>\n<em>Gerhard Schwarz, Basler Zeitung, 16.08.2017<\/em><\/p>\n<p>Was die EU an der Schweiz hat<br \/>\nGerhard Schwarz, Frankfurter Allgemeine Zeitung, 28.07.2017<\/p>\n<p>Der grosse Vorteil von kleinen Staaten (PDF)<br \/>\nMichael Rasch, NZZ, 13.07.2017<\/p>\n<p>Die Schweiz darf selbstbewusster sein \u2013 sie muss (PDF)<br \/>\nKonrad Hummler, swissinfo.ch, 07.07.2017<\/p>\n<p>Was fehlt, ist ein gemeinsamer Nenner (PDF)<br \/>\nKonrad Hummler, Schweiz am Wochenende, 01.07.2017<\/p>\n<p><a href=\"https:\/\/pf.annen.ch\/2017\/06\/28\/kleinstaat-schweiz-talktaeglich\/\">Kleinstaat Schweiz<\/a><br \/>\nTalkT\u00e4glich, TeleZ\u00fcri, 28.06.2017<\/p>\n<p>Le \u00abpetit Etat\u00bb suisse, un mod\u00e8le d\u00e9pass\u00e9? (PDF)<br \/>\nEmmanuel Garessus, Le Temps, 28.06.2017<\/p>\n<p>\u00abIch bin f\u00fcr die freie Zuwanderung von Ideen\u00bb (PDF)<br \/>\nMigros-Magazin, 26.06.2017<\/p>\n<p>Pl\u00e4doyer f\u00fcr den Schweizer Weg (PDF)<br \/>\nLuzerner Zeitung, 25.06.2017<\/p>\n<p>Kleinstaat Schweiz \u2013 Auslauf- oder Erfolgsmodell? (PDF)<br \/>\nKonrad Hummler, Ludwig von Mises Institut Deutschland, 23.06.2017<\/p>\n<p>Was von der EU \u00fcbrigbleibt (PDF)<br \/>\nKonrad Hummler, Die Weltwoche, 21.06.2017<\/p>\n<p>Fast die H\u00e4lfte unserer Wirtschaft ist nicht in Europa (PDF)<br \/>\nKonrad Hummler, Blick, 21.06.2017<\/p>\n<p>Pl\u00e4doyer f\u00fcr den weltoffenen Kleinstaat (PDF)<br \/>\nKonrad Hummler, Franz Jaeger, 24.05.2017<\/p>\n<p><strong>AUFGEGRIFFEN<\/strong><\/p>\n<p><a href=\"https:\/\/pf.annen.ch\/2017\/07\/01\/kleinstaat-schweiz\/\">Kleinstaat Schweiz<\/a> (Juli 2017)<br \/>\n<a href=\"https:\/\/pf.annen.ch\/2017\/08\/01\/was-die-eu-an-der-schweiz-hat-2\/\">Was die EU an der Schweiz hat<\/a> (August 2017)<br \/>\n> <a href=\"https:\/\/pf.annen.ch\/2017\/12\/01\/supranational-entrechteter-oder-souveraener-nationalstaat\/\">Supranational entrechteter oder souver\u00e4ner Nationalstaat?<\/a> (Dezember 2017)<br \/>\n> Migration, Liberalit\u00e4t und Eigentum (M\u00e4rz 2018)<br \/>\n> Selbstbestimmt weltverbunden (Juli 2018)<br \/>\n> Die Bedeutung des F\u00f6deralismus (Januar 2019)<br \/>\n> Wie eigenst\u00e4ndig kann und soll das schweizerische Bildungswesen sein? (August 2020) <\/p>\n","protected":false},"excerpt":{"rendered":"<p>(2017) Was macht einen Kleinstaat aus? Welche Wege sind f\u00fcr einen Kleinstaat wie die Schweiz tats\u00e4chlich umsetzbar? Wie viel Eigenst\u00e4ndigkeit ist sinnvoll und m\u00f6glich? Was bedeutet es f\u00fcr die Schweiz, wenn Europa politisch kippt? In diesem Buch setzt sich die interdisziplin\u00e4re Autorenschaft mit dem Ph\u00e4nomen Kleinstaat auseinander, skizziert Denkanst\u00f6sse und L\u00f6sungsalternativen. Ein zwingender und dringender&hellip;&nbsp;<a href=\"https:\/\/pf.annen.ch\/en\/publikationen\/buecher\/kleinstaat-schweiz-auslauf-oder-erfolgsmodell\/\" class=\"\" rel=\"bookmark\">Read More &raquo;<span class=\"screen-reader-text\">Kleinstaat Schweiz \u2013 Auslauf- oder Erfolgsmodell?<\/span><\/a><\/p>\n","protected":false},"author":1,"featured_media":0,"parent":24,"menu_order":0,"comment_status":"closed","ping_status":"closed","template":"","meta":{"neve_meta_sidebar":"","neve_meta_container":"","neve_meta_enable_content_width":"off","neve_meta_content_width":100,"neve_meta_title_alignment":"","neve_meta_author_avatar":"","neve_post_elements_order":"","neve_meta_disable_header":"","neve_meta_disable_footer":"","neve_meta_disable_title":"","footnotes":"","_links_to":"","_links_to_target":""},"_links":{"self":[{"href":"https:\/\/pf.annen.ch\/en\/wp-json\/wp\/v2\/pages\/746"}],"collection":[{"href":"https:\/\/pf.annen.ch\/en\/wp-json\/wp\/v2\/pages"}],"about":[{"href":"https:\/\/pf.annen.ch\/en\/wp-json\/wp\/v2\/types\/page"}],"author":[{"embeddable":true,"href":"https:\/\/pf.annen.ch\/en\/wp-json\/wp\/v2\/users\/1"}],"replies":[{"embeddable":true,"href":"https:\/\/pf.annen.ch\/en\/wp-json\/wp\/v2\/comments?post=746"}],"version-history":[{"count":5,"href":"https:\/\/pf.annen.ch\/en\/wp-json\/wp\/v2\/pages\/746\/revisions"}],"predecessor-version":[{"id":3998,"href":"https:\/\/pf.annen.ch\/en\/wp-json\/wp\/v2\/pages\/746\/revisions\/3998"}],"up":[{"embeddable":true,"href":"https:\/\/pf.annen.ch\/en\/wp-json\/wp\/v2\/pages\/24"}],"wp:attachment":[{"href":"https:\/\/pf.annen.ch\/en\/wp-json\/wp\/v2\/media?parent=746"}],"curies":[{"name":"wp","href":"https:\/\/api.w.org\/{rel}","templated":true}]}}