{"id":951,"date":"2021-07-01T18:29:40","date_gmt":"2021-07-01T16:29:40","guid":{"rendered":"http:\/\/progress-foundation.nexline.ch\/?page_id=951"},"modified":"2021-07-12T19:34:25","modified_gmt":"2021-07-12T17:34:25","slug":"der-liberalismus-eine-zeitlose-idee","status":"publish","type":"page","link":"https:\/\/pf.annen.ch\/en\/publikationen\/buecher\/der-liberalismus-eine-zeitlose-idee\/","title":{"rendered":"Der Liberalismus \u2013 eine zeitlose Idee"},"content":{"rendered":"<h2>Nationale, europ\u00e4ische und globale Perspektiven (2011)<\/h2>\n<p><img loading=\"lazy\" decoding=\"async\" src=\"https:\/\/pf.annen.ch\/wp-content\/uploads\/2021\/07\/buch-der_liberalismus_-_eine_zeitlose_idee.jpg\" alt=\"\" width=\"538\" height=\"800\" class=\"alignnone size-full wp-image-958\" srcset=\"https:\/\/pf.annen.ch\/wp-content\/uploads\/2021\/07\/buch-der_liberalismus_-_eine_zeitlose_idee.jpg 538w, https:\/\/pf.annen.ch\/wp-content\/uploads\/2021\/07\/buch-der_liberalismus_-_eine_zeitlose_idee-202x300.jpg 202w\" sizes=\"(max-width: 538px) 100vw, 538px\" \/><br \/>\nDen Autoren ist der Gedanke gemeinsam, dass nur durch eine Wiederbesinnung auf die Grundlagen des Liberalismus &#8211; Eigentum, Nichtzentralisation, Wettbewerb, Subsidiarit\u00e4t und vor allem Freiheit &#8211; der neuerliche Ansturm des Kollektivismus, Etatismus und Fundamentalismus abgewehrt werden kann. Besondere Aufmerksamkeit gilt der Schweiz, einem historischen Zentrum freiheitlichen, b\u00fcrgerlichen Denkens in Europa. In anderen Beitr\u00e4gen richtet sich der Blick auf den grassierenden &#8220;Europ\u00e4ismus&#8221; mit seinem Hang zu Superstrukturen, dar\u00fcber hinaus werden auch die globalen Aspekte des Liberalismus thematisiert &#8211; somit spiegelt dieses Buch die urspr\u00fcngliche Botschaft des Liberalismus in vielen Facetten wider.<\/p>\n<p><strong>Herausgeber:<\/strong><br \/>\n<a href=\"https:\/\/pf.annen.ch\/personen\/gerd-habermann\/\">Gerd Habermann<\/a><br \/>\n<a href=\"https:\/\/pf.annen.ch\/personen\/marcel-studer\/\">Marcel Studer<\/a><\/p>\n<p><strong>Weitere Autoren:<\/strong> <\/p>\n<div class=\"wc-shortcodes-row wc-shortcodes-item wc-shortcodes-clearfix\">\n<div class=\"wc-shortcodes-column wc-shortcodes-content wc-shortcodes-one-half wc-shortcodes-column-first \">\n<a href=\"https:\/\/pf.annen.ch\/personen\/charles-b-blankart\/\">Charles B. Blankart<\/a><br \/>\n<a href=\"https:\/\/pf.annen.ch\/personen\/christoph-blocher\/\">Christoph Blocher<\/a><br \/>\n<a href=\"https:\/\/pf.annen.ch\/personen\/silvio-borner\/\">Silvio Borner<\/a><br \/>\n<a href=\"https:\/\/pf.annen.ch\/personen\/hardy-bouillon\/\">Hardy Bouillon<\/a><br \/>\n<a href=\"https:\/\/pf.annen.ch\/personen\/anthony-de-jasey\/\">Anthony De Jasey<\/a><br \/>\n<a href=\"https:\/\/pf.annen.ch\/personen\/dietmar-doering\/\">Dietmar Doering<\/a><br \/>\n<a href=\"https:\/\/pf.annen.ch\/personen\/ernst-fehr\/\">Ernst Fehr<\/a><br \/>\n<a href=\"https:\/\/pf.annen.ch\/personen\/bruno-s-frey\/\">Bruno S. Frey<\/a><br \/>\n<a href=\"https:\/\/pf.annen.ch\/personen\/beat-gygi\/\">Beat Gygi<\/a><br \/>\n<a href=\"https:\/\/pf.annen.ch\/personen\/hans-olaf-henkel\/\">Hans-Olaf Henkel<\/a><br \/>\n<a href=\"https:\/\/pf.annen.ch\/personen\/hans-joerg-hennecke\/\">Hans J\u00f6rg Hennecke<\/a><br \/>\n<a href=\"https:\/\/pf.annen.ch\/personen\/eric-honegger\/\">Eric Honegger<\/a><br \/>\n<a href=\"https:\/\/pf.annen.ch\/personen\/karen-horn\/\">Karen Horn<\/a><br \/>\n<a href=\"https:\/\/pf.annen.ch\/personen\/konrad-hummler\/\">Konrad Hummler<\/a><br \/>\n<a href=\"https:\/\/pf.annen.ch\/personen\/franz-jaeger\/\">Franz Jaeger<\/a><br \/>\n<a href=\"https:\/\/pf.annen.ch\/personen\/necla-kelek\/\">Necla Kelek<\/a><\/p>\n<\/div>\n<div class=\"wc-shortcodes-column wc-shortcodes-content wc-shortcodes-one-half wc-shortcodes-column-last \">\n<a href=\"https:\/\/pf.annen.ch\/personen\/ernst-baltensperger\/\">Ernst Baltensperger<\/a><br \/>\n<a href=\"https:\/\/pf.annen.ch\/personen\/vaclav-klaus\/\">V\u00e1clav Klaus<\/a><br \/>\n<a href=\"https:\/\/pf.annen.ch\/personen\/roger-koeppel\/\">Roger K\u00f6ppel<\/a><br \/>\n<a href=\"https:\/\/pf.annen.ch\/personen\/otto-graf-lambsdorff\/\">Otto Graf Lambsdorff<\/a><br \/>\n<a href=\"https:\/\/pf.annen.ch\/personen\/robert-nef\/\">Robert Nef<\/a><br \/>\n<a href=\"https:\/\/pf.annen.ch\/personen\/oswald-oelz\/\">Oswald Oelz<\/a><br \/>\n<a href=\"https:\/\/pf.annen.ch\/personen\/peter-ruch\/\">Peter Ruch<\/a><br \/>\n<a href=\"https:\/\/pf.annen.ch\/personen\/klaus-werner-schatz\/\">Klaus-Werner Schatz<\/a><br \/>\n<a href=\"https:\/\/pf.annen.ch\/personen\/urs-schoettli\/\">Urs Schoettli<\/a><br \/>\n<a href=\"https:\/\/pf.annen.ch\/personen\/alfred-schueller\/\">Alfred Sch\u00fcller<\/a><br \/>\n<a href=\"https:\/\/pf.annen.ch\/personen\/thomas-straubhaar\/\">Thomas Straubhaar<\/a><br \/>\n<a href=\"https:\/\/pf.annen.ch\/personen\/viktor-vanberg\/\">Viktor Vanberg<\/a><br \/>\n<a href=\"https:\/\/pf.annen.ch\/personen\/roland-vaubel\/\">Roland Vaubel<\/a><br \/>\n<a href=\"https:\/\/pf.annen.ch\/personen\/alois-von-und-zu-liechtenstein\/\">Alois von und zu Liechtenstein<\/a><br \/>\n<a href=\"https:\/\/pf.annen.ch\/personen\/erich-weede\/\">Erich Weede<\/a>\n<\/div>\n<\/div>\n<p><strong>Verlag:<\/strong> Olzog Verlag GmbH<br \/>\n<strong>Erscheinungsjahr:<\/strong> 2011<br \/>\n<strong>Preis:<\/strong> CHF 80.00<br \/>\n<strong>ISBN:<\/strong> 978-3-7892-8221-8<\/p>\n<p><strong>AUGEGRIFFEN<\/strong><\/p>\n<p><a href=\"https:\/\/pf.annen.ch\/2018\/03\/01\/liberalismus-und-eu\/\">Liberalismus und EU<\/a> (M\u00e4rz 2018) <\/p>\n","protected":false},"excerpt":{"rendered":"<p>Nationale, europ\u00e4ische und globale Perspektiven (2011) Den Autoren ist der Gedanke gemeinsam, dass nur durch eine Wiederbesinnung auf die Grundlagen des Liberalismus &#8211; Eigentum, Nichtzentralisation, Wettbewerb, Subsidiarit\u00e4t und vor allem Freiheit &#8211; der neuerliche Ansturm des Kollektivismus, Etatismus und Fundamentalismus abgewehrt werden kann. Besondere Aufmerksamkeit gilt der Schweiz, einem historischen Zentrum freiheitlichen, b\u00fcrgerlichen Denkens in&hellip;&nbsp;<a href=\"https:\/\/pf.annen.ch\/en\/publikationen\/buecher\/der-liberalismus-eine-zeitlose-idee\/\" class=\"\" rel=\"bookmark\">Read More &raquo;<span class=\"screen-reader-text\">Der Liberalismus \u2013 eine zeitlose Idee<\/span><\/a><\/p>\n","protected":false},"author":1,"featured_media":0,"parent":24,"menu_order":0,"comment_status":"closed","ping_status":"closed","template":"","meta":{"neve_meta_sidebar":"full-width","neve_meta_container":"","neve_meta_enable_content_width":"on","neve_meta_content_width":100,"neve_meta_title_alignment":"","neve_meta_author_avatar":"","neve_post_elements_order":"","neve_meta_disable_header":"","neve_meta_disable_footer":"","neve_meta_disable_title":"","footnotes":"","_links_to":"","_links_to_target":""},"_links":{"self":[{"href":"https:\/\/pf.annen.ch\/en\/wp-json\/wp\/v2\/pages\/951"}],"collection":[{"href":"https:\/\/pf.annen.ch\/en\/wp-json\/wp\/v2\/pages"}],"about":[{"href":"https:\/\/pf.annen.ch\/en\/wp-json\/wp\/v2\/types\/page"}],"author":[{"embeddable":true,"href":"https:\/\/pf.annen.ch\/en\/wp-json\/wp\/v2\/users\/1"}],"replies":[{"embeddable":true,"href":"https:\/\/pf.annen.ch\/en\/wp-json\/wp\/v2\/comments?post=951"}],"version-history":[{"count":5,"href":"https:\/\/pf.annen.ch\/en\/wp-json\/wp\/v2\/pages\/951\/revisions"}],"predecessor-version":[{"id":3608,"href":"https:\/\/pf.annen.ch\/en\/wp-json\/wp\/v2\/pages\/951\/revisions\/3608"}],"up":[{"embeddable":true,"href":"https:\/\/pf.annen.ch\/en\/wp-json\/wp\/v2\/pages\/24"}],"wp:attachment":[{"href":"https:\/\/pf.annen.ch\/en\/wp-json\/wp\/v2\/media?parent=951"}],"curies":[{"name":"wp","href":"https:\/\/api.w.org\/{rel}","templated":true}]}}